{"id":1045,"date":"2016-09-27T10:32:14","date_gmt":"2016-09-27T08:32:14","guid":{"rendered":"http:\/\/www.do-xs.de\/doku-klasse\/?page_id=1045"},"modified":"2024-04-03T10:57:07","modified_gmt":"2024-04-03T08:57:07","slug":"2015-3","status":"publish","type":"page","link":"https:\/\/www.do-xs.de\/documasterclass\/stoffe\/2015-3\/","title":{"rendered":"2015\/16"},"content":{"rendered":"<p>35 Stoffideen wurden f\u00fcr diese zweite Auflage der doku.klasse eingereicht. Mit welchen Projektvorschl\u00e4gen die Stipendiaten begeistert haben, verraten die Kurztexte.<\/p>\n<h2 style=\"text-align: center;\">Maria Luisa | Eva Hausberger<\/h2>\n<p style=\"text-align: center;\"><img loading=\"lazy\" decoding=\"async\" class=\"alignnone size-full wp-image-190\" src=\"https:\/\/www.do-xs.de\/doku-klasse\/wp-content\/uploads\/MLonPhoenix4.jpeg\" alt=\"Maria Luisa\" width=\"640\" height=\"360\" \/><\/p>\n<p>Fr\u00fcher war sie eine Wasserratte. Doch jetzt meidet Maria Luisa das Meer. Zu viele Fl\u00fcchtlinge fanden hier schon den Tod, um unbeschwert darin baden zu k\u00f6nnen. Die 19-J\u00e4hrige lebt auf Malta und hat auf den ersten Blick alles, was man sich w\u00fcnscht: In ihrem Elternhaus spielt Geld keine Rolle und sie, eine ausgezeichnete Sch\u00fclerin, kann sich aussuchen, ob sie in Paris, London oder in den USA studieren will. Aber die Zukunft muss warten, die Gegenwart ist wichtiger. Maria Luisa rettet Fl\u00fcchtlinge vor dem Ertrinken. Ihre Eltern kauften 2014 ein Schiff und fahren mit diesem seither bis nah vor die libysche K\u00fcste. Oft ist Maria Luisa mit an Bord. Den zahlreichen Pressevertretern gibt sie eloquent Interviews. Doch hinter der medialen Professionalit\u00e4t verbirgt sich eine Frau inmitten der ersten gro\u00dfen Umbruchphase des Lebens. Die klassischen Herausforderungen westlicher, gut situierter, junger Erwachsener machen auch vor ihr nicht Halt. Ein Film \u00fcber eine doppelte Grenzerfahrung \u2013 an der Grenze Europas und an der Grenze zum Erwachsensein.<\/p>\n<h2 style=\"text-align: center;\">Freier Mensch | Andreas Hartmann<\/h2>\n<p style=\"text-align: center;\"><img loading=\"lazy\" decoding=\"async\" class=\"alignnone size-full wp-image-190\" src=\"https:\/\/www.do-xs.de\/doku-klasse\/wp-content\/uploads\/Freier_Mensch_klein.jpg\" alt=\"Andreas Hartmann\" width=\"640\" height=\"427\" \/><\/p>\n<h3>\u201eBevor ich nur lebe, um zu arbeiten, sterbe ich lieber\u201c<\/h3>\n<p>Kei will frei sein und ist daheim ausgerissen. Mit einem gro\u00dfen Milit\u00e4rrucksack verlie\u00df er die japanische Insel Awaji und ging nach Kyoto. Sein neues Zuhause: eine Br\u00fccke. Jeden Morgen rollt der 22-J\u00e4hrige seinen Schlafsack zusammen und verstaut ihn sorgf\u00e4ltig. Die Ersparnisse, die er dabei hatte, sind l\u00e4ngst aufgebraucht. Um zu \u00fcberleben, arbeitet er als Tagel\u00f6hner in einer arch\u00e4ologischen Ausgrabungsst\u00e4tte. Ein Bus sammelt ihn morgens ein und bringt ihn abends wieder zur\u00fcck. \u201eMeine Eltern sind Realisten, ich bin ein Romantiker&#8220;, sagt Kei l\u00e4chelnd. Auch er hat versucht, \u201erealistisch&#8220; zu sein, studierte BWL, aber das war nichts f\u00fcr ihn. Seinen Traum von den Selbstverteidigungsstreitkr\u00e4ften musste er begraben, weil er krank wurde. Jetzt ist Kei frei. Frei f\u00fcr die Natur und die klassische Musik, die neben allem Milit\u00e4rischen seine gro\u00dfe Leidenschaft ist. Doch wie hoch ist der Preis f\u00fcr die Freiheit?<\/p>\n<h2 style=\"text-align: center;\">Im Nest der Katze | Bernd Sahling<\/h2>\n<p style=\"text-align: center;\"><img loading=\"lazy\" decoding=\"async\" class=\"alignnone size-full wp-image-190\" src=\"https:\/\/www.do-xs.de\/doku-klasse\/wp-content\/uploads\/Im-Nest-der-Katze_klein.jpg\" alt=\"Im Nest der Katze\" width=\"640\" height=\"640\" \/><\/p>\n<h3>\u201eIrgendwie war ich immer das Versuchskaninchen\u201c<\/h3>\n<p>\u201eEs sollte halt nicht sein.&#8220; Anne musste ihr Psychologiestudium in Leipzig abbrechen. Nach vielen Jahren an der Uni war das Diplom eigentlich zum Greifen nah. Trotzdem klingt sie erleichtert, diese f\u00fcr sie nicht einfache Zeit hinter sich zu haben. Jetzt wohnt sie wieder bei ihren Eltern in Erfurt. Es ist kompliziert, Anschluss zu finden ohne Sehverm\u00f6gen. Dennoch sieht Anne ihren Platz in der Welt der Sehenden. Sie will sich in keine Parallelwelt abschieben lassen. Bernd Sahling begleitet die junge Frau schon seit ihrer Kindheit mit der Kamera. Er dokumentierte ihr Aufwachsen in der DDR, wo es das Wort Inklusion noch nicht gab, und ihren Alltag in einer Klasse mit sehenden Mitsch\u00fclerInnen nach der Wende. Jetzt bereitet er einen weiteren Film \u00fcber Anne vor. Es ist ein Blick zur\u00fcck und eine Bestandsaufnahme der Gegenwart \u2013 gepr\u00e4gt von der Frage: Wie weit geht die Bereitschaft, sich an die Regeln der Sehenden anzupassen, um als Nichtsehende akzeptiert zu werden?<\/p>\n","protected":false},"excerpt":{"rendered":"<p>35 Stoffideen wurden f\u00fcr diese zweite Auflage der doku.klasse eingereicht. Mit welchen Projektvorschl\u00e4gen die Stipendiaten begeistert haben, verraten die Kurztexte. Maria Luisa | Eva Hausberger Fr\u00fcher war sie eine Wasserratte. Doch jetzt meidet Maria Luisa das Meer. Zu viele Fl\u00fcchtlinge fanden hier schon den Tod, um unbeschwert darin baden zu k\u00f6nnen. Die 19-J\u00e4hrige lebt auf Malta und hat auf den ersten Blick alles, was man sich w\u00fcnscht: In ihrem Elternhaus spielt Geld keine Rolle und sie, eine ausgezeichnete Sch\u00fclerin, kann sich aussuchen, ob sie in Paris, London oder in den USA studieren will. Aber die Zukunft muss warten, die Gegenwart ist wichtiger. Maria Luisa rettet Fl\u00fcchtlinge vor dem Ertrinken. Ihre Eltern kauften 2014 ein Schiff und fahren mit diesem seither bis nah vor die libysche K\u00fcste. Oft ist Maria Luisa mit an Bord. Den zahlreichen Pressevertretern gibt sie eloquent Interviews. Doch hinter der medialen Professionalit\u00e4t verbirgt sich eine Frau inmitten der ersten gro\u00dfen Umbruchphase des Lebens. Die klassischen Herausforderungen westlicher, gut situierter, junger Erwachsener machen auch vor ihr nicht Halt. Ein Film \u00fcber eine doppelte &hellip;<\/p>\n","protected":false},"author":1,"featured_media":0,"parent":311,"menu_order":0,"comment_status":"closed","ping_status":"closed","template":"","meta":{"footnotes":""},"class_list":["post-1045","page","type-page","status-publish","hentry"],"jetpack_sharing_enabled":true,"_links":{"self":[{"href":"https:\/\/www.do-xs.de\/documasterclass\/wp-json\/wp\/v2\/pages\/1045","targetHints":{"allow":["GET"]}}],"collection":[{"href":"https:\/\/www.do-xs.de\/documasterclass\/wp-json\/wp\/v2\/pages"}],"about":[{"href":"https:\/\/www.do-xs.de\/documasterclass\/wp-json\/wp\/v2\/types\/page"}],"author":[{"embeddable":true,"href":"https:\/\/www.do-xs.de\/documasterclass\/wp-json\/wp\/v2\/users\/1"}],"replies":[{"embeddable":true,"href":"https:\/\/www.do-xs.de\/documasterclass\/wp-json\/wp\/v2\/comments?post=1045"}],"version-history":[{"count":5,"href":"https:\/\/www.do-xs.de\/documasterclass\/wp-json\/wp\/v2\/pages\/1045\/revisions"}],"predecessor-version":[{"id":2718,"href":"https:\/\/www.do-xs.de\/documasterclass\/wp-json\/wp\/v2\/pages\/1045\/revisions\/2718"}],"up":[{"embeddable":true,"href":"https:\/\/www.do-xs.de\/documasterclass\/wp-json\/wp\/v2\/pages\/311"}],"wp:attachment":[{"href":"https:\/\/www.do-xs.de\/documasterclass\/wp-json\/wp\/v2\/media?parent=1045"}],"curies":[{"name":"wp","href":"https:\/\/api.w.org\/{rel}","templated":true}]}}