{"id":11,"date":"2014-08-11T12:27:29","date_gmt":"2014-08-11T10:27:29","guid":{"rendered":"http:\/\/uwe-ahlgrimm.de\/kunden\/doku-klasse\/?page_id=11"},"modified":"2025-07-14T12:25:12","modified_gmt":"2025-07-14T10:25:12","slug":"team","status":"publish","type":"page","link":"https:\/\/www.do-xs.de\/documasterclass\/team\/","title":{"rendered":"Team"},"content":{"rendered":"<p>Irgendjemand muss es auch machen! Wir stellen vor: Das Team der DocuMasterclass<\/p>\n<h2 style=\"text-align: center;\">Sina Musche<\/h2>\n<p style=\"text-align: center;\">Koordination<\/p>\n<p style=\"text-align: center;\"><a href=\"https:\/\/www.do-xs.de\/documasterclass\/wp-content\/uploads\/sina-musche.jpg\"><img loading=\"lazy\" decoding=\"async\" class=\"aligncenter size-full wp-image-2900\" src=\"https:\/\/www.do-xs.de\/documasterclass\/wp-content\/uploads\/sina-musche.jpg\" alt=\"\" width=\"290\" height=\"300\" \/><\/a><\/p>\n<p>Sina ist im beschaulichen M\u00fcnsterland aufgewachsen und wohnt inzwischen in ihrer Wahlheimat K\u00f6ln. Davor hat sie einige Zeit auf der anderen Seite der Erde gelebt \u2013 und sich dabei in den S\u00fcdpazifik verliebt. Ansonsten schl\u00e4gt ihr Herz f\u00fcr die Alpen, die sie am liebsten fliegend, wandernd oder radelnd erkundet. Durchs Studium und zahlreiche spannende Projekte hat sie ihre Begeisterung f\u00fcr den Film entdeckt. Auch sonst arbeitet sie am liebsten zusammen mit Kindern und Jugendlichen mit Medien aller Art.<\/p>\n<h2 style=\"text-align: center;\">Marlon Miketta<\/h2>\n<p style=\"text-align: center;\">Assistenz\u00a0<\/p>\n<p><a href=\"https:\/\/www.do-xs.de\/doku-klasse\/wp-content\/uploads\/marlon-doxs.jpg\"><img loading=\"lazy\" decoding=\"async\" class=\"aligncenter size-medium wp-image-2652\" src=\"https:\/\/www.do-xs.de\/doku-klasse\/wp-content\/uploads\/marlon-doxs-307x300.jpg\" alt=\"\" width=\"307\" height=\"300\" srcset=\"https:\/\/www.do-xs.de\/documasterclass\/wp-content\/uploads\/marlon-doxs-307x300.jpg 307w, https:\/\/www.do-xs.de\/documasterclass\/wp-content\/uploads\/marlon-doxs.jpg 757w\" sizes=\"auto, (max-width: 307px) 100vw, 307px\" \/><\/a><\/p>\n<p>Nach Marlon Brando benannt wurde ihm das Interesse f\u00fcr Film sozusagen in die Wiege gelegt. Aufgewachsen in Bottrop und mittlerweile in Bochum lebend ist Marlon ein echtes Pottkind. Obwohl er im jungen Alter Busfahrer werden wollte, hat er w\u00e4hrend seines Studiums der Philosophie und Medienwissenschaft gemerkt, dass Filmfestival-Arbeit sein Ding ist.<br \/>\nNebenbei interessiert er sich f\u00fcr Pflanzen, queer-Feminismus und philosophische Logik.<\/p>\n<h2 style=\"text-align: center;\">Dirk Uhlig<\/h2>\n<p style=\"text-align: center;\">Filmemacher, Medienp\u00e4dagoge<\/p>\n<p style=\"text-align: center;\"><img loading=\"lazy\" decoding=\"async\" class=\" wp-image-1401 alignnone\" src=\"https:\/\/www.do-xs.de\/doku-klasse\/wp-content\/uploads\/Pic_Dirk-Uhlig-400x272.jpg\" alt=\"\" width=\"264\" height=\"179\" srcset=\"https:\/\/www.do-xs.de\/documasterclass\/wp-content\/uploads\/Pic_Dirk-Uhlig-400x272.jpg 400w, https:\/\/www.do-xs.de\/documasterclass\/wp-content\/uploads\/Pic_Dirk-Uhlig-768x522.jpg 768w, https:\/\/www.do-xs.de\/documasterclass\/wp-content\/uploads\/Pic_Dirk-Uhlig.jpg 1024w\" sizes=\"auto, (max-width: 264px) 100vw, 264px\" \/><\/p>\n<p class=\"ox-b8b58d0424-western\">Dirk hat sein Medizinstudium geschmissen und dann mit Malen angefangen. Den Geruch von frischer Farbe mag er heute noch, hat ihn aber mehr und mehr eingetauscht gegen den Zauber einer Timeline, mit all ihren Vorz\u00fcgen, R\u00e4tseln und Fl\u00fcchen.\u00a0Gemeinsam mit Leopold Gr\u00fcn sind zwei Dokumentarfilme entstanden und da Leopold sich jetzt von der doku.klasse verabschiedet hat, liegt es nahe, dass er daf\u00fcr einspringt.\u00a0Er ist bekennender Fahrradfahrer, den Berliner Mauerstreifen rauf und runter, liebt gr\u00fcnen Tee und l\u00e4uft gern barfu\u00df.<\/p>\n<h2 style=\"text-align: center;\">Aycha Riffi<\/h2>\n<p style=\"text-align: center;\">Medienp\u00e4dagogin, Leitung Grimme-Akademie<\/p>\n<p style=\"text-align: center;\"><img loading=\"lazy\" decoding=\"async\" class=\"alignnone size-full wp-image-116\" src=\"https:\/\/www.do-xs.de\/doku-klasse\/wp-content\/uploads\/Riffi-Aycha.jpg\" alt=\"Aycha Riffi\" width=\"167\" height=\"250\" \/><\/p>\n<p>Nach dem Abitur ist Aycha von Solingen nach Bochum gezogen, um dort Theater-, Film und Fernsehwissenschaften zu studieren \u2013 ohne zu wissen, wo das wohl hinf\u00fchren wird. Das war im Jahr als die Mauer gefallen ist. Aycha ist geblieben; in Bochum und beim Film. Filme schauen, dar\u00fcber reden und dazu auch zu Veranstaltungen einzuladen, macht sie jetzt beruflich f\u00fcr das Grimme-Institut. Wer aber nebenbei noch etwas \u00fcber Gem\u00fcseanbau und -verarbeitung lernen will \u2013 sollte sie fragen.<\/p>\n<h2 style=\"text-align: center;\">Mark St\u00f6hr<\/h2>\n<p style=\"text-align: center;\">Texte<\/p>\n<p style=\"text-align: center;\"><img loading=\"lazy\" decoding=\"async\" class=\"alignnone size-full wp-image-117\" src=\"https:\/\/www.do-xs.de\/doku-klasse\/wp-content\/uploads\/Mark-Stoehr.jpg\" alt=\"Mark Stoehr\" width=\"224\" height=\"200\" \/><\/p>\n<p>Mark findet den Buchstaben B wichtig in seinem Leben: Bodensee (geboren), Bochum (studiert), B\u00fccher (immer noch keins geschrieben). Mittlerweile lebt er in Hamburg, liebt Franzbr\u00f6tchen (mit Streusel) und hasst den HSV. Wenn er nicht gerade Texte textet (Job), tr\u00e4umt er von einer Motorheckenschere, um sein Standing im Kleingartenverein zu verbessern.<\/p>\n<h2 style=\"text-align: center;\">Julia Praschma<\/h2>\n<p style=\"text-align: center;\">Illustrationen<\/p>\n<p style=\"text-align: center;\"><img loading=\"lazy\" decoding=\"async\" class=\"alignnone size-full wp-image-150\" src=\"https:\/\/www.do-xs.de\/doku-klasse\/wp-content\/uploads\/Julia-Praschma.jpg\" alt=\"Julia Praschma\" width=\"123\" height=\"300\" \/><\/p>\n<p>Julia, formerly known as jaypee, formerly known as Juliette Lametta ist ein Hans Dampf in allen Gassen. Solo oder im Team werden Illustrationen, Grafiken, Designs, Rauminstallationen und B\u00fchnen von ihr in Farbe getunkt und mit Konfetti &amp; Glitzer best\u00e4ubt. Addiert mit einer fetten Portion \u00dcbermut, Gl\u00fcckseligkeit und Dilettantismus krempelt Dipl.-Des. Julia P. die Dinge nach au\u00dfen und l\u00e4sst sie schrill und ordin\u00e4r sein. True to the heart. Laut &amp; bunt.<br \/>\n<a href=\"http:\/\/www.jaypee.biz\" target=\"_blank\" rel=\"noopener noreferrer\">www.jaypee.biz<\/a><\/p>\n<h2 style=\"text-align: center;\">Uwe Ahlgrimm<\/h2>\n<p style=\"text-align: center;\">Webdesign<\/p>\n<p style=\"text-align: center;\"><img loading=\"lazy\" decoding=\"async\" class=\"alignnone size-full wp-image-153\" src=\"https:\/\/www.do-xs.de\/doku-klasse\/wp-content\/uploads\/uwe-ahlgrimm.gif\" alt=\"Uwe Ahlgrimm\" width=\"137\" height=\"170\" \/><\/p>\n<p style=\"text-align: left;\">Nach zehn Jahren im Ruhrgebiet migrierte der frischdiplomierte Designer nach K\u00f6ln, wo er freundliche Aufnahme fand. Dortselbst klebt er seitdem Webseiten zusammen und wenn er mal nicht vor dem Bildschirm h\u00e4ngt, kann man ihn auf Vernissagen antreffen, denn eigentlich w\u00e4re er gerne K\u00fcnstler geworden. Aus \u00e4hnlichen Gr\u00fcnden ist er h\u00e4ufiger Gast bei irgendwelchen Lesungen &#8230;<br \/>\n<a href=\"http:\/\/www.uwe-ahlgrimm.de\" target=\"_blank\" rel=\"noopener noreferrer\">www.uwe-ahlgrimm.de<\/a><\/p>\n","protected":false},"excerpt":{"rendered":"<p>Irgendjemand muss es auch machen! Wir stellen vor: Das Team der DocuMasterclass Sina Musche Koordination Sina ist im beschaulichen M\u00fcnsterland aufgewachsen und wohnt inzwischen in ihrer Wahlheimat K\u00f6ln. Davor hat sie einige Zeit auf der anderen Seite der Erde gelebt \u2013 und sich dabei in den S\u00fcdpazifik verliebt. Ansonsten schl\u00e4gt ihr Herz f\u00fcr die Alpen, die sie am liebsten fliegend, wandernd oder radelnd erkundet. Durchs Studium und zahlreiche spannende Projekte hat sie ihre Begeisterung f\u00fcr den Film entdeckt. Auch sonst arbeitet sie am liebsten zusammen mit Kindern und Jugendlichen mit Medien aller Art. Marlon Miketta Assistenz\u00a0 Nach Marlon Brando benannt wurde ihm das Interesse f\u00fcr Film sozusagen in die Wiege gelegt. Aufgewachsen in Bottrop und mittlerweile in Bochum lebend ist Marlon ein echtes Pottkind. Obwohl er im jungen Alter Busfahrer werden wollte, hat er w\u00e4hrend seines Studiums der Philosophie und Medienwissenschaft gemerkt, dass Filmfestival-Arbeit sein Ding ist. Nebenbei interessiert er sich f\u00fcr Pflanzen, queer-Feminismus und philosophische Logik. Dirk Uhlig Filmemacher, Medienp\u00e4dagoge Dirk hat sein Medizinstudium geschmissen und dann mit Malen angefangen. Den Geruch von frischer &hellip;<\/p>\n","protected":false},"author":2,"featured_media":0,"parent":0,"menu_order":5,"comment_status":"closed","ping_status":"closed","template":"","meta":{"footnotes":""},"class_list":["post-11","page","type-page","status-publish","hentry"],"jetpack_sharing_enabled":true,"_links":{"self":[{"href":"https:\/\/www.do-xs.de\/documasterclass\/wp-json\/wp\/v2\/pages\/11","targetHints":{"allow":["GET"]}}],"collection":[{"href":"https:\/\/www.do-xs.de\/documasterclass\/wp-json\/wp\/v2\/pages"}],"about":[{"href":"https:\/\/www.do-xs.de\/documasterclass\/wp-json\/wp\/v2\/types\/page"}],"author":[{"embeddable":true,"href":"https:\/\/www.do-xs.de\/documasterclass\/wp-json\/wp\/v2\/users\/2"}],"replies":[{"embeddable":true,"href":"https:\/\/www.do-xs.de\/documasterclass\/wp-json\/wp\/v2\/comments?post=11"}],"version-history":[{"count":40,"href":"https:\/\/www.do-xs.de\/documasterclass\/wp-json\/wp\/v2\/pages\/11\/revisions"}],"predecessor-version":[{"id":2901,"href":"https:\/\/www.do-xs.de\/documasterclass\/wp-json\/wp\/v2\/pages\/11\/revisions\/2901"}],"wp:attachment":[{"href":"https:\/\/www.do-xs.de\/documasterclass\/wp-json\/wp\/v2\/media?parent=11"}],"curies":[{"name":"wp","href":"https:\/\/api.w.org\/{rel}","templated":true}]}}