{"id":15,"date":"2014-08-11T12:28:52","date_gmt":"2014-08-11T10:28:52","guid":{"rendered":"http:\/\/uwe-ahlgrimm.de\/kunden\/doku-klasse\/?page_id=15"},"modified":"2024-07-09T11:31:39","modified_gmt":"2024-07-09T09:31:39","slug":"partner","status":"publish","type":"page","link":"https:\/\/www.do-xs.de\/documasterclass\/partner\/","title":{"rendered":"Partner"},"content":{"rendered":"<p>Die DocuMasterclass wird von engagierten Partnern unterst\u00fctzt, die wir hier kurz vorstellen.<\/p>\n<p style=\"text-align: center;\"><strong>Filmredaktion<\/strong><\/p>\n<p><img loading=\"lazy\" decoding=\"async\" class=\"aligncenter wp-image-1913\" src=\"https:\/\/www.do-xs.de\/doku-klasse\/wp-content\/uploads\/3sat_Logo_positiv_sw.png\" alt=\"3sat\" width=\"130\" height=\"73\" \/><\/p>\n<p>Die Filmredaktion 3sat\/ZDFkultur widmet sich dem Kino in seiner ganzen Vielfalt. Das Spektrum reicht von Deb\u00fcts bis zu Klassikern, von Entdeckungen des Weltkinos zu Arthouse-Hits, vom anspruchsvollen Unterhaltungsfilm zum Genrekino, vom Kurz- bis zum Dokumentarfilm. Der Anspruch ist, das Fernsehpublikum zu unterhalten, Filmkultur vorzustellen und an ihr mitzuwirken. So tritt die Redaktion auch als Produzent und Partner bei der Realisierung von langen Dokumentarfilmen und der dokumentarischen Reihe \u201eDocuMe\u201c auf, womit die pers\u00f6nliche und k\u00fcnstlerische Auseinandersetzung von Autorenfilmern mit der gesellschaftlichen Wirklichkeit gef\u00f6rdert und der Dokumentarfilm als Gattung weiterentwickelt werden soll.<\/p>\n<p>&nbsp;<\/p>\n<p style=\"text-align: left;\"><img loading=\"lazy\" decoding=\"async\" class=\"wp-image-1341 aligncenter\" src=\"https:\/\/www.do-xs.de\/doku-klasse\/wp-content\/uploads\/Deutschlandfunk_Kultur_Logo_Schwarz_sRGB-400x45.png\" alt=\"\" width=\"300\" height=\"34\" srcset=\"https:\/\/www.do-xs.de\/documasterclass\/wp-content\/uploads\/Deutschlandfunk_Kultur_Logo_Schwarz_sRGB-400x45.png 400w, https:\/\/www.do-xs.de\/documasterclass\/wp-content\/uploads\/Deutschlandfunk_Kultur_Logo_Schwarz_sRGB-768x87.png 768w, https:\/\/www.do-xs.de\/documasterclass\/wp-content\/uploads\/Deutschlandfunk_Kultur_Logo_Schwarz_sRGB-1200x136.png 1200w\" sizes=\"auto, (max-width: 300px) 100vw, 300px\" \/><\/p>\n<p>Deutschlandfunk Kultur ist das bundesweite Kulturprogramm des nationalen H\u00f6rfunks. \u201eDas Feuilleton im Radio&#8220; \u2013 mit diesem Anspruch entsteht im Berliner Funkhaus ein Angebot f\u00fcr kulturinteressierte H\u00f6rerinnen und H\u00f6rer.\u00a0Kultur wird dabei dies- und jenseits traditioneller Sparten und Genres beleuchtet und vor dem\u00a0Hintergrund einer Gesellschaft im Wandel diskutiert.\u00a0Neben\u00a0aktuellen Strecken erg\u00e4nzen Fachmagazine, H\u00f6rspiel, Feature, Konzert und Oper das Programm.\u00a0<\/p>\n<p>&nbsp;<\/p>\n<p><img loading=\"lazy\" decoding=\"async\" class=\"aligncenter  wp-image-1910\" src=\"https:\/\/www.do-xs.de\/doku-klasse\/wp-content\/uploads\/Grimme-Akademie_Logo.png\" alt=\"Grimme Akademie\" width=\"206\" height=\"75\" srcset=\"https:\/\/www.do-xs.de\/documasterclass\/wp-content\/uploads\/Grimme-Akademie_Logo.png 500w, https:\/\/www.do-xs.de\/documasterclass\/wp-content\/uploads\/Grimme-Akademie_Logo-400x146.png 400w\" sizes=\"auto, (max-width: 206px) 100vw, 206px\" \/><\/p>\n<p>Als Referat des Grimme-Instituts bietet die Grimme-Akademie Fortbildungsreihen und praxisnahe Veranstaltungen f\u00fcr die Medienbranche an. Mit einem Schwerpunkt auf den Entwicklungen im TV-Programm und im Fernsehmarkt reicht das Themenspektrum der Workshops und Seminare von Nachrichten und Comedy bis hin zu Inklusion und Migration in den Medien. Qualifizierungsangebote f\u00fcr den Branchennachwuchs und der stetige Austausch mit etablierten Machern stehen dabei im Vordergrund.<\/p>\n<p>&nbsp;<\/p>\n<p><img loading=\"lazy\" decoding=\"async\" class=\"aligncenter wp-image-87 size-full\" src=\"https:\/\/www.do-xs.de\/doku-klasse\/wp-content\/uploads\/logo_fsf.gif\" alt=\"fsf Freiwillige Selbstkontrolle Fernsehen\" width=\"182\" height=\"47\" \/><\/p>\n<p>Die Freiwillige Selbstkontrolle Fernsehen (FSF) ist ein gemeinn\u00fctziger Verein privater Fernsehanbieter in Deutschland. Ziel der FSF ist es, einerseits durch eine Programmbegutachtung den Jugendschutzbelangen im Fernsehen gerecht zu werden und andererseits durch Publikationen, Veranstaltungen und medienp\u00e4dagogische Aktivit\u00e4ten den bewussteren Umgang mit dem Medium Fernsehen zu f\u00f6rdern.<\/p>\n<p>&nbsp;<\/p>\n<p>Die DocuMasterclass wird realisiert im Rahmen von dok you und gef\u00f6rdert vom Ministerium f\u00fcr Kultur und Wissenschaft des Landes NRW:<\/p>\n<p>\u00a0\u00a0\u00a0\u00a0\u00a0\u00a0\u00a0\u00a0\u00a0\u00a0\u00a0\u00a0\u00a0 \u00a0 \u00a0 \u00a0 \u00a0 \u00a0\u00a0\u00a0 \u00a0 \u00a0 \u00a0\u00a0\u00a0 \u00a0 \u00a0 \u00a0 \u00a0\u00a0 \u00a0 \u00a0 <img loading=\"lazy\" decoding=\"async\" class=\"wp-image-89 size-full alignnone\" src=\"https:\/\/www.do-xs.de\/doku-klasse\/wp-content\/uploads\/dokyou_Logo_sw.png\" alt=\"dok you\" width=\"136\" height=\"87\" \/>\u00a0\u00a0\u00a0\u00a0\u00a0 \u00a0 \u00a0 \u00a0\u00a0 \u00a0\u00a0 \u00a0 <img loading=\"lazy\" decoding=\"async\" class=\"wp-image-1594  alignnone\" src=\"https:\/\/www.do-xs.de\/doku-klasse\/wp-content\/uploads\/AK_Kultur-und-Wissenschaft_Schwarz_RGB-400x82.png\" alt=\"\" width=\"259\" height=\"53\" srcset=\"https:\/\/www.do-xs.de\/documasterclass\/wp-content\/uploads\/AK_Kultur-und-Wissenschaft_Schwarz_RGB-400x82.png 400w, https:\/\/www.do-xs.de\/documasterclass\/wp-content\/uploads\/AK_Kultur-und-Wissenschaft_Schwarz_RGB-768x157.png 768w, https:\/\/www.do-xs.de\/documasterclass\/wp-content\/uploads\/AK_Kultur-und-Wissenschaft_Schwarz_RGB-1200x246.png 1200w\" sizes=\"auto, (max-width: 259px) 100vw, 259px\" \/>\u00a0 \u00a0\u00a0<\/p>\n","protected":false},"excerpt":{"rendered":"<p>Die DocuMasterclass wird von engagierten Partnern unterst\u00fctzt, die wir hier kurz vorstellen. Filmredaktion Die Filmredaktion 3sat\/ZDFkultur widmet sich dem Kino in seiner ganzen Vielfalt. Das Spektrum reicht von Deb\u00fcts bis zu Klassikern, von Entdeckungen des Weltkinos zu Arthouse-Hits, vom anspruchsvollen Unterhaltungsfilm zum Genrekino, vom Kurz- bis zum Dokumentarfilm. Der Anspruch ist, das Fernsehpublikum zu unterhalten, Filmkultur vorzustellen und an ihr mitzuwirken. So tritt die Redaktion auch als Produzent und Partner bei der Realisierung von langen Dokumentarfilmen und der dokumentarischen Reihe \u201eDocuMe\u201c auf, womit die pers\u00f6nliche und k\u00fcnstlerische Auseinandersetzung von Autorenfilmern mit der gesellschaftlichen Wirklichkeit gef\u00f6rdert und der Dokumentarfilm als Gattung weiterentwickelt werden soll. &nbsp; Deutschlandfunk Kultur ist das bundesweite Kulturprogramm des nationalen H\u00f6rfunks. \u201eDas Feuilleton im Radio&#8220; \u2013 mit diesem Anspruch entsteht im Berliner Funkhaus ein Angebot f\u00fcr kulturinteressierte H\u00f6rerinnen und H\u00f6rer.\u00a0Kultur wird dabei dies- und jenseits traditioneller Sparten und Genres beleuchtet und vor dem\u00a0Hintergrund einer Gesellschaft im Wandel diskutiert.\u00a0Neben\u00a0aktuellen Strecken erg\u00e4nzen Fachmagazine, H\u00f6rspiel, Feature, Konzert und Oper das Programm.\u00a0 &nbsp; Als Referat des Grimme-Instituts bietet die Grimme-Akademie Fortbildungsreihen und praxisnahe Veranstaltungen f\u00fcr die Medienbranche &hellip;<\/p>\n","protected":false},"author":2,"featured_media":0,"parent":0,"menu_order":6,"comment_status":"closed","ping_status":"closed","template":"","meta":{"footnotes":""},"class_list":["post-15","page","type-page","status-publish","hentry"],"jetpack_sharing_enabled":true,"_links":{"self":[{"href":"https:\/\/www.do-xs.de\/documasterclass\/wp-json\/wp\/v2\/pages\/15","targetHints":{"allow":["GET"]}}],"collection":[{"href":"https:\/\/www.do-xs.de\/documasterclass\/wp-json\/wp\/v2\/pages"}],"about":[{"href":"https:\/\/www.do-xs.de\/documasterclass\/wp-json\/wp\/v2\/types\/page"}],"author":[{"embeddable":true,"href":"https:\/\/www.do-xs.de\/documasterclass\/wp-json\/wp\/v2\/users\/2"}],"replies":[{"embeddable":true,"href":"https:\/\/www.do-xs.de\/documasterclass\/wp-json\/wp\/v2\/comments?post=15"}],"version-history":[{"count":52,"href":"https:\/\/www.do-xs.de\/documasterclass\/wp-json\/wp\/v2\/pages\/15\/revisions"}],"predecessor-version":[{"id":2805,"href":"https:\/\/www.do-xs.de\/documasterclass\/wp-json\/wp\/v2\/pages\/15\/revisions\/2805"}],"wp:attachment":[{"href":"https:\/\/www.do-xs.de\/documasterclass\/wp-json\/wp\/v2\/media?parent=15"}],"curies":[{"name":"wp","href":"https:\/\/api.w.org\/{rel}","templated":true}]}}