{"id":1957,"date":"2020-10-09T11:37:19","date_gmt":"2020-10-09T09:37:19","guid":{"rendered":"https:\/\/www.do-xs.de\/doku-klasse\/?page_id=1957"},"modified":"2024-04-03T10:54:00","modified_gmt":"2024-04-03T08:54:00","slug":"2019-2","status":"publish","type":"page","link":"https:\/\/www.do-xs.de\/documasterclass\/stipendiaten\/2019-2\/","title":{"rendered":"2019\/20"},"content":{"rendered":"<p>Im sechsten Jahrgang der doku.klasse hei\u00dfen wir Jonas Heldt und Rosa Hannah Ziegler willkommen. Letztere war bereits 2016 als Stipendiatin der doku.klasse dabei. In kurzen Einzelportr\u00e4ts stellen wir sie vor. Enchant\u00e9 und Hello again!<\/p>\n<h2 style=\"text-align: center;\">Rosa Hannah Ziegler<\/p>\n<p><img loading=\"lazy\" decoding=\"async\" class=\"wp-image-1622 aligncenter\" src=\"https:\/\/www.do-xs.de\/doku-klasse\/wp-content\/uploads\/RosaHannahZiegler-400x300.jpeg\" alt=\"\" width=\"342\" height=\"256\" srcset=\"https:\/\/www.do-xs.de\/documasterclass\/wp-content\/uploads\/RosaHannahZiegler-400x300.jpeg 400w, https:\/\/www.do-xs.de\/documasterclass\/wp-content\/uploads\/RosaHannahZiegler-768x576.jpeg 768w, https:\/\/www.do-xs.de\/documasterclass\/wp-content\/uploads\/RosaHannahZiegler-1067x800.jpeg 1067w, https:\/\/www.do-xs.de\/documasterclass\/wp-content\/uploads\/RosaHannahZiegler.jpeg 1280w\" sizes=\"auto, (max-width: 342px) 100vw, 342px\" \/><\/h2>\n<p>\nstudierte Regie an der Kunsthochschule f\u00fcr Medien (KHM) in K\u00f6ln. Mit ihrem Dokumentarfilm \u201eCigaretta mon Amour \u2013 Portrait meines Vaters\u201c (2006) gewann sie den Deutschen Kurzfilmpreis in Gold. Nach \u201eEscape\u201c (2011) folgte 2014 ihr Kurzfilm \u201eA Girl\u2019s Day\u201c, der mehrere Auszeichnungen erhielt und bei doxs! f\u00fcr die GROSSE KLAPPE nominiert war. Im Rahmen der 3sat-Reihe \u201eAb 18\u201c realisierte sie 2017 den Film \u201eDu warst mein Leben\u201c, der im Jahr davor als Expos\u00e9-Entwurf in der doku.klasse diskutiert worden war und mit dem Grimme-Preis 2018 ausgezeichnet wurde. \u201eFamilienleben\u201c, ihr erster langer Dokumentarfilm, feierte seine Urauff\u00fchrung auf der Berlinale 2018 und wurde auf zahlreichen Festivals weltweit gezeigt.<\/p>\n<p>&nbsp;<\/p>\n<h2 style=\"text-align: center;\">Jonas Heldt<\/p>\n<p><img loading=\"lazy\" decoding=\"async\" class=\"alignnone size-medium wp-image-1834\" src=\"https:\/\/www.do-xs.de\/doku-klasse\/wp-content\/uploads\/Jonas-Heldt-278x300.png\" alt=\"\" width=\"278\" height=\"300\" srcset=\"https:\/\/www.do-xs.de\/documasterclass\/wp-content\/uploads\/Jonas-Heldt-278x300.png 278w, https:\/\/www.do-xs.de\/documasterclass\/wp-content\/uploads\/Jonas-Heldt.png 416w\" sizes=\"auto, (max-width: 278px) 100vw, 278px\" \/><\/h2>\n<p>studierte an der Hochschule f\u00fcr Fernsehen und Film in M\u00fcnchen im Bereich Dokumentarfilm und Fernsehpublizistik. 2013 gr\u00fcndete er das Regiekollektiv MOTEL Film zur Entwicklung, Herstellung und Verbreitung unabh\u00e4ngiger Filme. Im Rahmen dieses Kollektivs erschien eine Reihe von Filmen, die auf zahlreichen Festivals gezeigt wurden, darunter \u201eHinterwelten\u201c (2014, Regie: Jonas Heldt, Lion Bischof und Felicitas Sonvilla), \u201eTara\u201c (2017, Regie: Felicitas Sonvilla) und \u201eTrackers\u201c (2018, Regie: Jonas Heldt).<\/p>\n","protected":false},"excerpt":{"rendered":"<p>Im sechsten Jahrgang der doku.klasse hei\u00dfen wir Jonas Heldt und Rosa Hannah Ziegler willkommen. Letztere war bereits 2016 als Stipendiatin der doku.klasse dabei. In kurzen Einzelportr\u00e4ts stellen wir sie vor. Enchant\u00e9 und Hello again! Rosa Hannah Ziegler studierte Regie an der Kunsthochschule f\u00fcr Medien (KHM) in K\u00f6ln. Mit ihrem Dokumentarfilm \u201eCigaretta mon Amour \u2013 Portrait meines Vaters\u201c (2006) gewann sie den Deutschen Kurzfilmpreis in Gold. Nach \u201eEscape\u201c (2011) folgte 2014 ihr Kurzfilm \u201eA Girl\u2019s Day\u201c, der mehrere Auszeichnungen erhielt und bei doxs! f\u00fcr die GROSSE KLAPPE nominiert war. Im Rahmen der 3sat-Reihe \u201eAb 18\u201c realisierte sie 2017 den Film \u201eDu warst mein Leben\u201c, der im Jahr davor als Expos\u00e9-Entwurf in der doku.klasse diskutiert worden war und mit dem Grimme-Preis 2018 ausgezeichnet wurde. \u201eFamilienleben\u201c, ihr erster langer Dokumentarfilm, feierte seine Urauff\u00fchrung auf der Berlinale 2018 und wurde auf zahlreichen Festivals weltweit gezeigt. &nbsp; Jonas Heldt studierte an der Hochschule f\u00fcr Fernsehen und Film in M\u00fcnchen im Bereich Dokumentarfilm und Fernsehpublizistik. 2013 gr\u00fcndete er das Regiekollektiv MOTEL Film zur Entwicklung, Herstellung und Verbreitung unabh\u00e4ngiger Filme. Im Rahmen &hellip;<\/p>\n","protected":false},"author":1,"featured_media":0,"parent":7,"menu_order":0,"comment_status":"closed","ping_status":"closed","template":"","meta":{"footnotes":""},"class_list":["post-1957","page","type-page","status-publish","hentry"],"jetpack_sharing_enabled":true,"_links":{"self":[{"href":"https:\/\/www.do-xs.de\/documasterclass\/wp-json\/wp\/v2\/pages\/1957","targetHints":{"allow":["GET"]}}],"collection":[{"href":"https:\/\/www.do-xs.de\/documasterclass\/wp-json\/wp\/v2\/pages"}],"about":[{"href":"https:\/\/www.do-xs.de\/documasterclass\/wp-json\/wp\/v2\/types\/page"}],"author":[{"embeddable":true,"href":"https:\/\/www.do-xs.de\/documasterclass\/wp-json\/wp\/v2\/users\/1"}],"replies":[{"embeddable":true,"href":"https:\/\/www.do-xs.de\/documasterclass\/wp-json\/wp\/v2\/comments?post=1957"}],"version-history":[{"count":2,"href":"https:\/\/www.do-xs.de\/documasterclass\/wp-json\/wp\/v2\/pages\/1957\/revisions"}],"predecessor-version":[{"id":2702,"href":"https:\/\/www.do-xs.de\/documasterclass\/wp-json\/wp\/v2\/pages\/1957\/revisions\/2702"}],"up":[{"embeddable":true,"href":"https:\/\/www.do-xs.de\/documasterclass\/wp-json\/wp\/v2\/pages\/7"}],"wp:attachment":[{"href":"https:\/\/www.do-xs.de\/documasterclass\/wp-json\/wp\/v2\/media?parent=1957"}],"curies":[{"name":"wp","href":"https:\/\/api.w.org\/{rel}","templated":true}]}}