{"id":2240,"date":"2021-10-13T12:39:05","date_gmt":"2021-10-13T10:39:05","guid":{"rendered":"https:\/\/www.do-xs.de\/doku-klasse\/?page_id=2240"},"modified":"2025-10-22T15:22:44","modified_gmt":"2025-10-22T13:22:44","slug":"2020-2","status":"publish","type":"page","link":"https:\/\/www.do-xs.de\/documasterclass\/stoffe\/2020-2\/","title":{"rendered":"2020\/21"},"content":{"rendered":"<p>Mit diesen Stoffen haben die diesj\u00e4hrigen Stipendiatinnen den Einzug in die doku.klasse 2020 geschafft.<\/p>\n<h2 style=\"text-align: center;\"><strong>The smell of fear and future<\/strong>\u00a0| Elke Lehrenkrauss<\/h2>\n<p>Durch Kristy geht ein Riss. Sie will die Demokratiebewegung in Hongkong unterst\u00fctzen und trotzdem eine Zukunft in ihrer Heimat haben. Denn die 21-j\u00e4hrige Journalismus-Studentin wei\u00df: Ein offenes politisches Engagement kann sie s\u00e4mtliche beruflichen Perspektiven kosten. Die chinesische Regierung f\u00fchrt eine Liste, auf der sie alle Hongkonger*innen nach Farben klassifiziert. Gelb sind die Stillen und Unauff\u00e4lligen \u2013 Job. Blau sind die Demonstrant*innen \u2013 kein Job. Kristys Eltern wollen auf keinen Fall, dass sich der Status ihrer Tochter blau f\u00e4rbt. Doch was ist die Alternative? Ihre Freunde an der Protestlinie im Stich lassen und zusehen, wie China St\u00fcck f\u00fcr St\u00fcck die b\u00fcrgerlichen Grundrechte abschafft? Die Ambivalenz zwischen Anpassung und Auflehnung, Hoffnung und Angst bestimmt den Alltag der jungen Frau. 2047, wenn der Sonderstaus von Hongkong ausl\u00e4uft, wird Kristy 48 Jahre alt sein. Wer wird sie sein und was ist aus Hongkong geworden?<\/p>\n<p>&nbsp;<\/p>\n<h2 style=\"text-align: center;\"><strong>Chao\u2019s Transition\u00a0<\/strong>| Susanne Mi-Son Quester &amp;\u00a0Mieko Azuma<\/h2>\n<p style=\"text-align: center;\"><a href=\"https:\/\/www.do-xs.de\/doku-klasse\/wp-content\/uploads\/ChaosTransition.png\"><img loading=\"lazy\" decoding=\"async\" class=\"alignnone  wp-image-1952\" src=\"https:\/\/www.do-xs.de\/doku-klasse\/wp-content\/uploads\/ChaosTransition.png\" alt=\"\" width=\"362\" height=\"249\" srcset=\"https:\/\/www.do-xs.de\/documasterclass\/wp-content\/uploads\/ChaosTransition.png 414w, https:\/\/www.do-xs.de\/documasterclass\/wp-content\/uploads\/ChaosTransition-400x275.png 400w\" sizes=\"auto, (max-width: 362px) 100vw, 362px\" \/><\/a><\/p>\n<p>Wann werde ich endlich sein, wer ich wirklich bin? Chao kann es kaum erwarten, dass die Zukunft losgeht. Die 25-J\u00e4hrige ist in Japan geboren und kam als Kind mit ihrer Familie in die Schweiz. Nach einem Kommunikationsdesign-Studium in Z\u00fcrich plant sie, auf eine Animationsfilmschule in London zu gehen. Doch davor m\u00f6chte sie ihr gro\u00dfes Lebensthema abschlie\u00dfen und eine Frau werden \u2013 denn biologisch ist Chao ein Mann. Vor gut einem Jahr hat sie sich zur Transition entschlossen, seitdem ist sie in psychiatrischer Behandlung und nimmt k\u00fcnstliche Hormone ein. Wegen der Corona-Pandemie wurde der Termin f\u00fcr die Operation immer wieder verschoben \u2013 f\u00fcr Chao ein Wartezustand voller Ungeduld und Unsicherheit. Wie wird sich ihre Pers\u00f6nlichkeit und Stimmung ver\u00e4ndern? Wird sie \u2013 wie viele transidente Menschen \u2013 nach der Operation in eine Sinnkrise fallen? Vor allem aber: Wie wird es sein, endlich die Frau zu sein, die sie immer sein wollte?<\/p>\n","protected":false},"excerpt":{"rendered":"<p>Mit diesen Stoffen haben die diesj\u00e4hrigen Stipendiatinnen den Einzug in die doku.klasse 2020 geschafft. The smell of fear and future\u00a0| Elke Lehrenkrauss Durch Kristy geht ein Riss. Sie will die Demokratiebewegung in Hongkong unterst\u00fctzen und trotzdem eine Zukunft in ihrer Heimat haben. Denn die 21-j\u00e4hrige Journalismus-Studentin wei\u00df: Ein offenes politisches Engagement kann sie s\u00e4mtliche beruflichen Perspektiven kosten. Die chinesische Regierung f\u00fchrt eine Liste, auf der sie alle Hongkonger*innen nach Farben klassifiziert. Gelb sind die Stillen und Unauff\u00e4lligen \u2013 Job. Blau sind die Demonstrant*innen \u2013 kein Job. Kristys Eltern wollen auf keinen Fall, dass sich der Status ihrer Tochter blau f\u00e4rbt. Doch was ist die Alternative? Ihre Freunde an der Protestlinie im Stich lassen und zusehen, wie China St\u00fcck f\u00fcr St\u00fcck die b\u00fcrgerlichen Grundrechte abschafft? Die Ambivalenz zwischen Anpassung und Auflehnung, Hoffnung und Angst bestimmt den Alltag der jungen Frau. 2047, wenn der Sonderstaus von Hongkong ausl\u00e4uft, wird Kristy 48 Jahre alt sein. Wer wird sie sein und was ist aus Hongkong geworden? &nbsp; Chao\u2019s Transition\u00a0| Susanne Mi-Son Quester &amp;\u00a0Mieko Azuma Wann werde ich endlich sein, &hellip;<\/p>\n","protected":false},"author":1,"featured_media":0,"parent":311,"menu_order":0,"comment_status":"closed","ping_status":"closed","template":"","meta":{"footnotes":""},"class_list":["post-2240","page","type-page","status-publish","hentry"],"jetpack_sharing_enabled":true,"_links":{"self":[{"href":"https:\/\/www.do-xs.de\/documasterclass\/wp-json\/wp\/v2\/pages\/2240","targetHints":{"allow":["GET"]}}],"collection":[{"href":"https:\/\/www.do-xs.de\/documasterclass\/wp-json\/wp\/v2\/pages"}],"about":[{"href":"https:\/\/www.do-xs.de\/documasterclass\/wp-json\/wp\/v2\/types\/page"}],"author":[{"embeddable":true,"href":"https:\/\/www.do-xs.de\/documasterclass\/wp-json\/wp\/v2\/users\/1"}],"replies":[{"embeddable":true,"href":"https:\/\/www.do-xs.de\/documasterclass\/wp-json\/wp\/v2\/comments?post=2240"}],"version-history":[{"count":3,"href":"https:\/\/www.do-xs.de\/documasterclass\/wp-json\/wp\/v2\/pages\/2240\/revisions"}],"predecessor-version":[{"id":2909,"href":"https:\/\/www.do-xs.de\/documasterclass\/wp-json\/wp\/v2\/pages\/2240\/revisions\/2909"}],"up":[{"embeddable":true,"href":"https:\/\/www.do-xs.de\/documasterclass\/wp-json\/wp\/v2\/pages\/311"}],"wp:attachment":[{"href":"https:\/\/www.do-xs.de\/documasterclass\/wp-json\/wp\/v2\/media?parent=2240"}],"curies":[{"name":"wp","href":"https:\/\/api.w.org\/{rel}","templated":true}]}}