{"id":2628,"date":"2023-12-03T11:43:21","date_gmt":"2023-12-03T09:43:21","guid":{"rendered":"https:\/\/www.do-xs.de\/doku-klasse\/?page_id=2628"},"modified":"2024-04-05T12:29:24","modified_gmt":"2024-04-05T10:29:24","slug":"2023-2","status":"publish","type":"page","link":"https:\/\/www.do-xs.de\/documasterclass\/stipendiaten\/2023-2\/","title":{"rendered":"2023\/24"},"content":{"rendered":"<h2 style=\"text-align: center;\">Felix Rier<\/h2>\n<p><a href=\"https:\/\/www.do-xs.de\/doku-klasse\/wp-content\/uploads\/FelixRier-1-scaled.jpg\"><img loading=\"lazy\" decoding=\"async\" class=\"aligncenter size-medium wp-image-2635\" src=\"https:\/\/www.do-xs.de\/doku-klasse\/wp-content\/uploads\/FelixRier-1-400x267.jpg\" alt=\"\" width=\"400\" height=\"267\" srcset=\"https:\/\/www.do-xs.de\/documasterclass\/wp-content\/uploads\/FelixRier-1-400x267.jpg 400w, https:\/\/www.do-xs.de\/documasterclass\/wp-content\/uploads\/FelixRier-1-1200x800.jpg 1200w, https:\/\/www.do-xs.de\/documasterclass\/wp-content\/uploads\/FelixRier-1-768x512.jpg 768w, https:\/\/www.do-xs.de\/documasterclass\/wp-content\/uploads\/FelixRier-1-1536x1024.jpg 1536w, https:\/\/www.do-xs.de\/documasterclass\/wp-content\/uploads\/FelixRier-1-2048x1365.jpg 2048w, https:\/\/www.do-xs.de\/documasterclass\/wp-content\/uploads\/FelixRier-1-840x560.jpg 840w\" sizes=\"auto, (max-width: 400px) 100vw, 400px\" \/><\/a><\/p>\n<p><span style=\"font-weight: 400;\">FELIX RIER ist in den italienischen Alpen geboren und aufgewachsen. 2016 zog er nach Berlin und absolvierte eine dreij\u00e4hrige Ausbildung zum Mediengestalter Bild und Ton. Dabei arbeitete er haupts\u00e4chlich im Kameradepartment, als erste und zweite Kameraassistenz sowie als Junior DOP und Sound Technician. Von 2019 bis 2022 studierte er Kamera und Licht an der ZeLIG \u2013 Schule fu\u0308r Dokumentarfilm in Bozen, Italien. Im Rahmen seines Filmstudiums produzierte er den Kurzfilm <\/span><b>ein mann zu sein<\/b><span style=\"font-weight: 400;\">, der seine Premiere auf dem Trento Film Festival 2021 feiert.<\/span><\/p>\n<h2 style=\"text-align: center;\">\nFlorian Baron<\/h2>\n<h2 style=\"text-align: center;\"><a href=\"https:\/\/www.do-xs.de\/doku-klasse\/wp-content\/uploads\/Florian-Baron-A\u00a9-Johannes-Waltermann-Kopie-1-scaled.jpg\"><img loading=\"lazy\" decoding=\"async\" class=\"aligncenter size-medium wp-image-2636\" src=\"https:\/\/www.do-xs.de\/doku-klasse\/wp-content\/uploads\/Florian-Baron-A\u00a9-Johannes-Waltermann-Kopie-1-400x288.jpg\" alt=\"\" width=\"400\" height=\"288\" srcset=\"https:\/\/www.do-xs.de\/documasterclass\/wp-content\/uploads\/Florian-Baron-A\u00a9-Johannes-Waltermann-Kopie-1-400x288.jpg 400w, https:\/\/www.do-xs.de\/documasterclass\/wp-content\/uploads\/Florian-Baron-A\u00a9-Johannes-Waltermann-Kopie-1-1112x800.jpg 1112w, https:\/\/www.do-xs.de\/documasterclass\/wp-content\/uploads\/Florian-Baron-A\u00a9-Johannes-Waltermann-Kopie-1-180x130.jpg 180w, https:\/\/www.do-xs.de\/documasterclass\/wp-content\/uploads\/Florian-Baron-A\u00a9-Johannes-Waltermann-Kopie-1-768x552.jpg 768w, https:\/\/www.do-xs.de\/documasterclass\/wp-content\/uploads\/Florian-Baron-A\u00a9-Johannes-Waltermann-Kopie-1-1536x1105.jpg 1536w, https:\/\/www.do-xs.de\/documasterclass\/wp-content\/uploads\/Florian-Baron-A\u00a9-Johannes-Waltermann-Kopie-1-2048x1473.jpg 2048w\" sizes=\"auto, (max-width: 400px) 100vw, 400px\" \/><\/a><\/h2>\n<p><span style=\"font-weight: 400;\">FLORIAN BARON (*1984 in Berlin) lebte von 2004 bis 2006 in Japan, wo er verschiedene Filmprojekte realisierte. Von 2007 bis 2012 studierte er Film- und Fernsehregie an der Filmuniversit\u00e4t Potsdam-Babelsberg und schloss sein Studium mit dem Film <\/span><b>The Final Call<\/b><span style=\"font-weight: 400;\"> ab. In den folgenden Jahren arbeitete er in den USA an den Dokumentarfilmen <\/span><b>Stress <\/b><span style=\"font-weight: 400;\">(doku.klasse 2016) und <\/span><b>Joe Boots<\/b><span style=\"font-weight: 400;\">, f\u00fcr den er bei doxs! 2017 mit der GROSSEN KLAPPE ausgezeichnet wurde. Fu\u0308r die Recherche an seinem n\u00e4chsten Dokumentarfilmprojekt <\/span><b>Hood Riders<\/b><span style=\"font-weight: 400;\"> wurde er fu\u0308r das Villa Aurora Fellowship in Los Angeles ausgew\u00e4hlt. 2020 war Florian Baron Mitbegru\u0308nder der K\u00f6lner Produktionsfirma Raendrop Film.<\/span><\/p>\n<h2 style=\"text-align: center;\">Lea Schlude<\/h2>\n<p><span style=\"font-weight: 400;\"><a href=\"https:\/\/www.do-xs.de\/doku-klasse\/wp-content\/uploads\/Lea-Schlude-2.jpeg\"><img loading=\"lazy\" decoding=\"async\" class=\"aligncenter size-medium wp-image-2659\" src=\"https:\/\/www.do-xs.de\/doku-klasse\/wp-content\/uploads\/Lea-Schlude-2-200x300.jpeg\" alt=\"\" width=\"200\" height=\"300\" srcset=\"https:\/\/www.do-xs.de\/documasterclass\/wp-content\/uploads\/Lea-Schlude-2-200x300.jpeg 200w, https:\/\/www.do-xs.de\/documasterclass\/wp-content\/uploads\/Lea-Schlude-2-533x800.jpeg 533w, https:\/\/www.do-xs.de\/documasterclass\/wp-content\/uploads\/Lea-Schlude-2-768x1152.jpeg 768w, https:\/\/www.do-xs.de\/documasterclass\/wp-content\/uploads\/Lea-Schlude-2.jpeg 853w\" sizes=\"auto, (max-width: 200px) 100vw, 200px\" \/><\/a><\/span><\/p>\n<p><span style=\"font-weight: 400;\">LEA SCHLUDE (*1990) ist in Deutschland und Italien aufgewachsen und hat Film und Philosophie an der Universit\u00e4t Hildesheim, der Universidade Federal do Par\u00e0 in Bel\u00e9m, Brasilien, und an der FU Berlin studiert. Ihr Langfilmdeb\u00fct <b>San Cipriano Road<\/b> (2019) wurde u.a. auf dem Olhares do Mediterr\u00e2neo Film Festival in Lissabon und dem Roma Cinema Doc in Rom als bester Dokumentarfilm ausgezeichnet und fu\u0308r die Markets von Visions du R\u00e9el und Hot Docs ausgew\u00e4hlt. Fu\u0308r die Entwicklung ihres zweiten Langfilms <b>Hazy Valley <\/b>erhielt sie das Wim-Wenders-Stipendium der Film- und Medienstiftung.<br \/>\n<\/span><\/p>\n","protected":false},"excerpt":{"rendered":"<p>Felix Rier FELIX RIER ist in den italienischen Alpen geboren und aufgewachsen. 2016 zog er nach Berlin und absolvierte eine dreij\u00e4hrige Ausbildung zum Mediengestalter Bild und Ton. Dabei arbeitete er haupts\u00e4chlich im Kameradepartment, als erste und zweite Kameraassistenz sowie als Junior DOP und Sound Technician. Von 2019 bis 2022 studierte er Kamera und Licht an der ZeLIG \u2013 Schule fu\u0308r Dokumentarfilm in Bozen, Italien. Im Rahmen seines Filmstudiums produzierte er den Kurzfilm ein mann zu sein, der seine Premiere auf dem Trento Film Festival 2021 feiert. Florian Baron FLORIAN BARON (*1984 in Berlin) lebte von 2004 bis 2006 in Japan, wo er verschiedene Filmprojekte realisierte. Von 2007 bis 2012 studierte er Film- und Fernsehregie an der Filmuniversit\u00e4t Potsdam-Babelsberg und schloss sein Studium mit dem Film The Final Call ab. In den folgenden Jahren arbeitete er in den USA an den Dokumentarfilmen Stress (doku.klasse 2016) und Joe Boots, f\u00fcr den er bei doxs! 2017 mit der GROSSEN KLAPPE ausgezeichnet wurde. Fu\u0308r die Recherche an seinem n\u00e4chsten Dokumentarfilmprojekt Hood Riders wurde er fu\u0308r das Villa Aurora Fellowship &hellip;<\/p>\n","protected":false},"author":9,"featured_media":0,"parent":7,"menu_order":0,"comment_status":"closed","ping_status":"closed","template":"","meta":{"footnotes":""},"class_list":["post-2628","page","type-page","status-publish","hentry"],"jetpack_sharing_enabled":true,"_links":{"self":[{"href":"https:\/\/www.do-xs.de\/documasterclass\/wp-json\/wp\/v2\/pages\/2628","targetHints":{"allow":["GET"]}}],"collection":[{"href":"https:\/\/www.do-xs.de\/documasterclass\/wp-json\/wp\/v2\/pages"}],"about":[{"href":"https:\/\/www.do-xs.de\/documasterclass\/wp-json\/wp\/v2\/types\/page"}],"author":[{"embeddable":true,"href":"https:\/\/www.do-xs.de\/documasterclass\/wp-json\/wp\/v2\/users\/9"}],"replies":[{"embeddable":true,"href":"https:\/\/www.do-xs.de\/documasterclass\/wp-json\/wp\/v2\/comments?post=2628"}],"version-history":[{"count":15,"href":"https:\/\/www.do-xs.de\/documasterclass\/wp-json\/wp\/v2\/pages\/2628\/revisions"}],"predecessor-version":[{"id":2631,"href":"https:\/\/www.do-xs.de\/documasterclass\/wp-json\/wp\/v2\/pages\/2628\/revisions\/2631"}],"up":[{"embeddable":true,"href":"https:\/\/www.do-xs.de\/documasterclass\/wp-json\/wp\/v2\/pages\/7"}],"wp:attachment":[{"href":"https:\/\/www.do-xs.de\/documasterclass\/wp-json\/wp\/v2\/media?parent=2628"}],"curies":[{"name":"wp","href":"https:\/\/api.w.org\/{rel}","templated":true}]}}