{"id":2649,"date":"2023-12-11T12:45:24","date_gmt":"2023-12-11T10:45:24","guid":{"rendered":"https:\/\/www.do-xs.de\/doku-klasse\/?page_id=2649"},"modified":"2024-04-30T10:33:15","modified_gmt":"2024-04-30T08:33:15","slug":"2023-2","status":"publish","type":"page","link":"https:\/\/www.do-xs.de\/documasterclass\/2023-2\/","title":{"rendered":"2023\/24"},"content":{"rendered":"<p>&nbsp;<\/p>\n<h2 style=\"text-align: center;\">UNDINE* | FELIX RIER<\/h2>\n<p><a href=\"https:\/\/www.do-xs.de\/doku-klasse\/wp-content\/uploads\/Filmstil-scaled.jpg\"><img loading=\"lazy\" decoding=\"async\" class=\"aligncenter size-medium wp-image-2640\" src=\"https:\/\/www.do-xs.de\/doku-klasse\/wp-content\/uploads\/Filmstil-400x211.jpg\" alt=\"\" width=\"400\" height=\"211\" srcset=\"https:\/\/www.do-xs.de\/documasterclass\/wp-content\/uploads\/Filmstil-400x211.jpg 400w, https:\/\/www.do-xs.de\/documasterclass\/wp-content\/uploads\/Filmstil-1200x633.jpg 1200w, https:\/\/www.do-xs.de\/documasterclass\/wp-content\/uploads\/Filmstil-768x405.jpg 768w, https:\/\/www.do-xs.de\/documasterclass\/wp-content\/uploads\/Filmstil-1536x810.jpg 1536w, https:\/\/www.do-xs.de\/documasterclass\/wp-content\/uploads\/Filmstil-2048x1080.jpg 2048w\" sizes=\"auto, (max-width: 400px) 100vw, 400px\" \/><\/a><\/p>\n<p><span style=\"font-weight: 400;\">Undine wohnt im 21. Stock eines Hochhauses im Osten von Berlin. Es ist eine gesch\u00fctzte Welt dort oben, die sie mit ihrem Freund Thiago und dem gemeinsamen Labrador teilt. Sobald die Tanzlehrerin und Choreografin aber nach drau\u00dfen tritt und in die kalt gefliesten U-Bahnsch\u00e4chte der Gro\u00dfstadt eintaucht, beginnt f\u00fcr sie eine Zone des Unbehagens und der Unsicherheit. Kurz nach ihrem 24. Geburtstag wurde Undine nachts in ein Auto gezerrt, mit Gewalt unter Drogen gesetzt und vergewaltigt. Die Erfahrung riss in der jungen Fraue tiefe physische und emotionale Wunden. Im Tanz und in einer Therapie sucht sie nach einem Weg aus dem Trauma. Doch erst als sie schwanger wird, scheint ein Wendepunkt erreicht \u2013 und in Undine erwacht eine neue und innige Verbundenheit zu ihrem eigenen K\u00f6rper.<\/span><\/p>\n<h2 style=\"text-align: center;\">SPEARA | FLORIAN BARON<\/h2>\n<p><a href=\"https:\/\/www.do-xs.de\/doku-klasse\/wp-content\/uploads\/SPEARA_Trailer_Still_1.tif\"><img decoding=\"async\" class=\"aligncenter size-full wp-image-2641\" src=\"https:\/\/www.do-xs.de\/doku-klasse\/wp-content\/uploads\/SPEARA_Trailer_Still_1.tif\" alt=\"\" \/><\/a><\/p>\n<p style=\"text-align: left;\"><span style=\"font-weight: 400;\">Ohne Sauerstoffflasche und nur mit einer Harpune aus Holz macht sich Mitsuki auf die Jagd. Aufgewachsen in Japan, lebt die 26-j\u00e4hrige Meeresbiologie-Studentin seit einigen Jahren in Kalifornien und hat sich vom Newbie zur Weltrekordhalterin im Speerfischen entwickelt. Sie ist eine von wenigen Frauen in diesem Sport, der in den USA h\u00e4ufig von Ex-Marines ausge\u00fcbt wird. F\u00fcr Mitsuki ist das Speerfischen weniger ein Wettbewerb als eine Lebenseinstellung. Als Kind w\u00e4re sie bei einem Schwimmunfall fast ertrunken und hielt sich danach bis zu ihrem 21. Lebensjahr vom Wasser fern. Auf Social Media weist sie auf die Effekte des Klimawandels und zeigt, wie man Fische voll verwertet. Eine junge Frau mit einer Mission, die sich entschlossen durch die Komplexit\u00e4t von Identit\u00e4t, Kultur und Geschlechterrollen bewegt.<\/span><\/p>\n<h2 style=\"text-align: center;\">LOTTI AUF SCHICHT | LEA SCHLUDE<\/h2>\n<p><a href=\"https:\/\/www.do-xs.de\/doku-klasse\/wp-content\/uploads\/Screenshot-2023-11-05-at-13.03.11.png\"><img loading=\"lazy\" decoding=\"async\" class=\"aligncenter size-medium wp-image-2783\" src=\"https:\/\/www.do-xs.de\/doku-klasse\/wp-content\/uploads\/Screenshot-2023-11-05-at-13.03.11-400x213.png\" alt=\"\" width=\"400\" height=\"213\" srcset=\"https:\/\/www.do-xs.de\/documasterclass\/wp-content\/uploads\/Screenshot-2023-11-05-at-13.03.11-400x213.png 400w, https:\/\/www.do-xs.de\/documasterclass\/wp-content\/uploads\/Screenshot-2023-11-05-at-13.03.11-1200x639.png 1200w, https:\/\/www.do-xs.de\/documasterclass\/wp-content\/uploads\/Screenshot-2023-11-05-at-13.03.11-768x409.png 768w, https:\/\/www.do-xs.de\/documasterclass\/wp-content\/uploads\/Screenshot-2023-11-05-at-13.03.11-1536x818.png 1536w, https:\/\/www.do-xs.de\/documasterclass\/wp-content\/uploads\/Screenshot-2023-11-05-at-13.03.11-2048x1091.png 2048w\" sizes=\"auto, (max-width: 400px) 100vw, 400px\" \/><\/a><\/p>\n<p>Lotti ist eine Meisterin im Spagat und jongliert zwischen ihren verschiedenen Rollen. Als einzige Frau und queere Person in der Produktion von Thyssen Krupp Gelsenkirchen behauptet sie sich in einer m\u00e4nnerdominierten Welt und setzt sich als Betriebsr\u00e4tin f\u00fcr eine gr\u00fcne Transformation der Stahlindustrie ein. Nach Schichtende k\u00fcmmert sie sich um ihren Vater, der unheilbar an Krebs erkrankt ist. Ein Leben immer in Bewegung und unter Beobachtung. Von den Medien und vom firmeneigenen Marketing wird sie aufgrund ihres Geschlechts und ihrer sexuellen Identit\u00e4t als Role Model gefeiert. Im Kollegenkreis erf\u00e4hrt sie h\u00e4ufig Vorurteile und wird Zeugin von Homophobie und Sexismus. Doch die 26-J\u00e4hrige geht mutig ihren Weg und sucht den Strukturwandel \u2013 auf allen Ebenen.\u00a0<\/p>\n<p>Copyright: Lea Schlude<\/p>\n","protected":false},"excerpt":{"rendered":"<p>&nbsp; UNDINE* | FELIX RIER Undine wohnt im 21. Stock eines Hochhauses im Osten von Berlin. Es ist eine gesch\u00fctzte Welt dort oben, die sie mit ihrem Freund Thiago und dem gemeinsamen Labrador teilt. Sobald die Tanzlehrerin und Choreografin aber nach drau\u00dfen tritt und in die kalt gefliesten U-Bahnsch\u00e4chte der Gro\u00dfstadt eintaucht, beginnt f\u00fcr sie eine Zone des Unbehagens und der Unsicherheit. Kurz nach ihrem 24. Geburtstag wurde Undine nachts in ein Auto gezerrt, mit Gewalt unter Drogen gesetzt und vergewaltigt. Die Erfahrung riss in der jungen Fraue tiefe physische und emotionale Wunden. Im Tanz und in einer Therapie sucht sie nach einem Weg aus dem Trauma. Doch erst als sie schwanger wird, scheint ein Wendepunkt erreicht \u2013 und in Undine erwacht eine neue und innige Verbundenheit zu ihrem eigenen K\u00f6rper. SPEARA | FLORIAN BARON Ohne Sauerstoffflasche und nur mit einer Harpune aus Holz macht sich Mitsuki auf die Jagd. Aufgewachsen in Japan, lebt die 26-j\u00e4hrige Meeresbiologie-Studentin seit einigen Jahren in Kalifornien und hat sich vom Newbie zur Weltrekordhalterin im Speerfischen entwickelt. Sie ist eine &hellip;<\/p>\n","protected":false},"author":1,"featured_media":0,"parent":0,"menu_order":0,"comment_status":"closed","ping_status":"closed","template":"","meta":{"footnotes":""},"class_list":["post-2649","page","type-page","status-publish","hentry"],"jetpack_sharing_enabled":true,"_links":{"self":[{"href":"https:\/\/www.do-xs.de\/documasterclass\/wp-json\/wp\/v2\/pages\/2649","targetHints":{"allow":["GET"]}}],"collection":[{"href":"https:\/\/www.do-xs.de\/documasterclass\/wp-json\/wp\/v2\/pages"}],"about":[{"href":"https:\/\/www.do-xs.de\/documasterclass\/wp-json\/wp\/v2\/types\/page"}],"author":[{"embeddable":true,"href":"https:\/\/www.do-xs.de\/documasterclass\/wp-json\/wp\/v2\/users\/1"}],"replies":[{"embeddable":true,"href":"https:\/\/www.do-xs.de\/documasterclass\/wp-json\/wp\/v2\/comments?post=2649"}],"version-history":[{"count":6,"href":"https:\/\/www.do-xs.de\/documasterclass\/wp-json\/wp\/v2\/pages\/2649\/revisions"}],"predecessor-version":[{"id":2784,"href":"https:\/\/www.do-xs.de\/documasterclass\/wp-json\/wp\/v2\/pages\/2649\/revisions\/2784"}],"wp:attachment":[{"href":"https:\/\/www.do-xs.de\/documasterclass\/wp-json\/wp\/v2\/media?parent=2649"}],"curies":[{"name":"wp","href":"https:\/\/api.w.org\/{rel}","templated":true}]}}