{"id":2849,"date":"2024-10-21T12:27:28","date_gmt":"2024-10-21T10:27:28","guid":{"rendered":"https:\/\/www.do-xs.de\/documasterclass\/?page_id=2849"},"modified":"2024-10-21T12:31:55","modified_gmt":"2024-10-21T10:31:55","slug":"2024-25","status":"publish","type":"page","link":"https:\/\/www.do-xs.de\/documasterclass\/stipendiaten\/2024-25\/","title":{"rendered":"2024\/25"},"content":{"rendered":"<h2 style=\"text-align: center;\"><strong>Matthias Fleischmann<\/strong><\/h2>\n<p><a href=\"https:\/\/www.do-xs.de\/documasterclass\/wp-content\/uploads\/matthias-website.png\"><img loading=\"lazy\" decoding=\"async\" class=\"aligncenter size-medium wp-image-2851\" src=\"https:\/\/www.do-xs.de\/documasterclass\/wp-content\/uploads\/matthias-website-400x267.png\" alt=\"\" width=\"400\" height=\"267\" srcset=\"https:\/\/www.do-xs.de\/documasterclass\/wp-content\/uploads\/matthias-website-400x267.png 400w, https:\/\/www.do-xs.de\/documasterclass\/wp-content\/uploads\/matthias-website-768x513.png 768w, https:\/\/www.do-xs.de\/documasterclass\/wp-content\/uploads\/matthias-website-840x560.png 840w, https:\/\/www.do-xs.de\/documasterclass\/wp-content\/uploads\/matthias-website.png 1000w\" sizes=\"auto, (max-width: 400px) 100vw, 400px\" \/><\/a><br \/>\nMATTHIAS FLEISCHMANN schloss ein Studium in Politikwissenschaft und Vergleichender Literaturwissenschaft in Innsbruck ab und studierte Kunst und Kultur im Master an der Universit\u00e4t Groningen. Er war Chefredakteur der Universit\u00e4tszeitung UNIpress und Co-Herausgeber der Su\u0308dtiroler Studierendenzeitschrift Skolast und arbeitete u.a. als Jungjournalist bei SichtWeisen, einem Projekt der Internationalen Bodenseekonferenz. 2019 absolvierte er einen Lehrgang in Journalismus und Public Relations an der Universit\u00e4t Liechtenstein.<\/p>\n<h2 style=\"text-align: center;\">Maximilian Gurschler<\/h2>\n<p><a href=\"https:\/\/www.do-xs.de\/documasterclass\/wp-content\/uploads\/Bild-Max-scaled.jpg\"><img loading=\"lazy\" decoding=\"async\" class=\"aligncenter size-medium wp-image-2850\" src=\"https:\/\/www.do-xs.de\/documasterclass\/wp-content\/uploads\/Bild-Max-400x300.jpg\" alt=\"\" width=\"400\" height=\"300\" srcset=\"https:\/\/www.do-xs.de\/documasterclass\/wp-content\/uploads\/Bild-Max-400x300.jpg 400w, https:\/\/www.do-xs.de\/documasterclass\/wp-content\/uploads\/Bild-Max-1067x800.jpg 1067w, https:\/\/www.do-xs.de\/documasterclass\/wp-content\/uploads\/Bild-Max-768x576.jpg 768w, https:\/\/www.do-xs.de\/documasterclass\/wp-content\/uploads\/Bild-Max-1536x1152.jpg 1536w, https:\/\/www.do-xs.de\/documasterclass\/wp-content\/uploads\/Bild-Max-2048x1536.jpg 2048w\" sizes=\"auto, (max-width: 400px) 100vw, 400px\" \/><\/a><br \/>\nMAXIMILIAN GURSCHLER schloss 2022 sein Philosophiestudium an der Universit\u00e4t Wien mit einer Masterarbeit u\u0308ber das chinesische Sozialkreditsystem ab. Er machte an der London Film Academy ein Filmmaking Certificate und besuchte an der Filmschule ZeLIG in Bozen einen Kurs fu\u0308r Filmproduktion. Seit einigen Jahren ist er als Drehbuchautor und Regisseur fu\u0308r Fernsehprojekte und Kurzfilme t\u00e4tig, u.a. in Zusammenarbeit mit der Produktionsfirma Langbein&amp;Partner. Gemeinsam mit Matthias Fleischmann produzierte er die Webserie \u201eSu\u0308dtiroler Blinddates\u201c.<\/p>\n<p>&nbsp;<\/p>\n<h2 style=\"text-align: center;\">Viki K\u00fchn<\/h2>\n<p><a href=\"https:\/\/www.do-xs.de\/documasterclass\/wp-content\/uploads\/vikikuehn_portrait_meinhalbervater-website.png\"><img loading=\"lazy\" decoding=\"async\" class=\"aligncenter size-medium wp-image-2852\" src=\"https:\/\/www.do-xs.de\/documasterclass\/wp-content\/uploads\/vikikuehn_portrait_meinhalbervater-website-200x300.png\" alt=\"\" width=\"200\" height=\"300\" srcset=\"https:\/\/www.do-xs.de\/documasterclass\/wp-content\/uploads\/vikikuehn_portrait_meinhalbervater-website-200x300.png 200w, https:\/\/www.do-xs.de\/documasterclass\/wp-content\/uploads\/vikikuehn_portrait_meinhalbervater-website-533x800.png 533w, https:\/\/www.do-xs.de\/documasterclass\/wp-content\/uploads\/vikikuehn_portrait_meinhalbervater-website-768x1152.png 768w, https:\/\/www.do-xs.de\/documasterclass\/wp-content\/uploads\/vikikuehn_portrait_meinhalbervater-website.png 1000w\" sizes=\"auto, (max-width: 200px) 100vw, 200px\" \/><\/a><br \/>\nVIKI K\u00dcHN (*1985 in Wien) studierte k\u00fcnstlerische Fotografie und Experimentalfilm bei Friedl Kubelka in Wien. Sie erhielt das Karl H. Ditze Stipendium und absolvierte ihr Masterstudium an der Hochschule f\u00fcr Bildende K\u00fcnste Hamburg bei Angela Schanelec. Ihre Arbeiten werden vom independent Filmverleih sixpackfilm vertreten. Sie lebt in Hamburg und Wien und arbeitet mit Film, Fotografie und Video.<\/p>\n","protected":false},"excerpt":{"rendered":"<p>Matthias Fleischmann MATTHIAS FLEISCHMANN schloss ein Studium in Politikwissenschaft und Vergleichender Literaturwissenschaft in Innsbruck ab und studierte Kunst und Kultur im Master an der Universit\u00e4t Groningen. Er war Chefredakteur der Universit\u00e4tszeitung UNIpress und Co-Herausgeber der Su\u0308dtiroler Studierendenzeitschrift Skolast und arbeitete u.a. als Jungjournalist bei SichtWeisen, einem Projekt der Internationalen Bodenseekonferenz. 2019 absolvierte er einen Lehrgang in Journalismus und Public Relations an der Universit\u00e4t Liechtenstein. Maximilian Gurschler MAXIMILIAN GURSCHLER schloss 2022 sein Philosophiestudium an der Universit\u00e4t Wien mit einer Masterarbeit u\u0308ber das chinesische Sozialkreditsystem ab. Er machte an der London Film Academy ein Filmmaking Certificate und besuchte an der Filmschule ZeLIG in Bozen einen Kurs fu\u0308r Filmproduktion. Seit einigen Jahren ist er als Drehbuchautor und Regisseur fu\u0308r Fernsehprojekte und Kurzfilme t\u00e4tig, u.a. in Zusammenarbeit mit der Produktionsfirma Langbein&amp;Partner. Gemeinsam mit Matthias Fleischmann produzierte er die Webserie \u201eSu\u0308dtiroler Blinddates\u201c. &nbsp; Viki K\u00fchn VIKI K\u00dcHN (*1985 in Wien) studierte k\u00fcnstlerische Fotografie und Experimentalfilm bei Friedl Kubelka in Wien. Sie erhielt das Karl H. Ditze Stipendium und absolvierte ihr Masterstudium an der Hochschule f\u00fcr Bildende K\u00fcnste Hamburg bei Angela &hellip;<\/p>\n","protected":false},"author":9,"featured_media":0,"parent":7,"menu_order":0,"comment_status":"closed","ping_status":"closed","template":"","meta":{"footnotes":""},"class_list":["post-2849","page","type-page","status-publish","hentry"],"jetpack_sharing_enabled":true,"_links":{"self":[{"href":"https:\/\/www.do-xs.de\/documasterclass\/wp-json\/wp\/v2\/pages\/2849","targetHints":{"allow":["GET"]}}],"collection":[{"href":"https:\/\/www.do-xs.de\/documasterclass\/wp-json\/wp\/v2\/pages"}],"about":[{"href":"https:\/\/www.do-xs.de\/documasterclass\/wp-json\/wp\/v2\/types\/page"}],"author":[{"embeddable":true,"href":"https:\/\/www.do-xs.de\/documasterclass\/wp-json\/wp\/v2\/users\/9"}],"replies":[{"embeddable":true,"href":"https:\/\/www.do-xs.de\/documasterclass\/wp-json\/wp\/v2\/comments?post=2849"}],"version-history":[{"count":2,"href":"https:\/\/www.do-xs.de\/documasterclass\/wp-json\/wp\/v2\/pages\/2849\/revisions"}],"predecessor-version":[{"id":2855,"href":"https:\/\/www.do-xs.de\/documasterclass\/wp-json\/wp\/v2\/pages\/2849\/revisions\/2855"}],"up":[{"embeddable":true,"href":"https:\/\/www.do-xs.de\/documasterclass\/wp-json\/wp\/v2\/pages\/7"}],"wp:attachment":[{"href":"https:\/\/www.do-xs.de\/documasterclass\/wp-json\/wp\/v2\/media?parent=2849"}],"curies":[{"name":"wp","href":"https:\/\/api.w.org\/{rel}","templated":true}]}}