{"id":311,"date":"2014-10-08T16:53:51","date_gmt":"2014-10-08T14:53:51","guid":{"rendered":"http:\/\/www.do-xs.de\/doku-klasse\/?page_id=311"},"modified":"2026-01-30T12:20:05","modified_gmt":"2026-01-30T10:20:05","slug":"stoffe","status":"publish","type":"page","link":"https:\/\/www.do-xs.de\/documasterclass\/stoffe\/","title":{"rendered":"Stoffe"},"content":{"rendered":"<h2><a href=\"https:\/\/www.do-xs.de\/documasterclass\/wp-content\/uploads\/JuliaPraschma_docu.masterclass2025_02_web.png\"><img loading=\"lazy\" decoding=\"async\" class=\"aligncenter  wp-image-2935\" src=\"https:\/\/www.do-xs.de\/documasterclass\/wp-content\/uploads\/JuliaPraschma_docu.masterclass2025_02_web-225x300.png\" alt=\"\" width=\"302\" height=\"402\" srcset=\"https:\/\/www.do-xs.de\/documasterclass\/wp-content\/uploads\/JuliaPraschma_docu.masterclass2025_02_web-225x300.png 225w, https:\/\/www.do-xs.de\/documasterclass\/wp-content\/uploads\/JuliaPraschma_docu.masterclass2025_02_web-600x800.png 600w, https:\/\/www.do-xs.de\/documasterclass\/wp-content\/uploads\/JuliaPraschma_docu.masterclass2025_02_web-768x1024.png 768w, https:\/\/www.do-xs.de\/documasterclass\/wp-content\/uploads\/JuliaPraschma_docu.masterclass2025_02_web-1152x1536.png 1152w, https:\/\/www.do-xs.de\/documasterclass\/wp-content\/uploads\/JuliaPraschma_docu.masterclass2025_02_web-420x560.png 420w, https:\/\/www.do-xs.de\/documasterclass\/wp-content\/uploads\/JuliaPraschma_docu.masterclass2025_02_web.png 1200w\" sizes=\"auto, (max-width: 302px) 100vw, 302px\" \/><\/a>IN EINEM ANDEREN LAND | BRITT BEYER<\/h2>\n<p>Sie haben ihre Familien und Freund*innen zur\u00fcckgelassen \u2013 und leben jetzt in einem anderen Land: junge russische Systemkritiker*innen. Um einer Verhaftung oder der Verpflichtung in der Armee zu entgehen, flohen sie nach Armenien, Georgien und Kasachstan. Oder nach Usbekistan, wie der 28-j\u00e4hrige Aktivist und Anwalt Artjom Klyga. Dank eines humanit\u00e4ren Visums kam er 2023 nach Deutschland. Hier ist er mittlerweile f\u00fcr einen Verein t\u00e4tig, ber\u00e4t russische junge M\u00e4nner, die ihren Einberufungsbefehl bekommen haben und nicht in den Krieg ziehen wollen oder die von der Front desertiert sind. Artjom wei\u00df: Solange das Putin-Regime an der Macht ist, gibt es f\u00fcr ihn kein Zur\u00fcck mehr. Er wurde als \u201eAuslandsagent&#8220; eingestuft und gilt in seiner Heimat offiziell als Staatsfeind.<\/p>\n<p>&nbsp;<\/p>\n<h2><a href=\"https:\/\/www.do-xs.de\/documasterclass\/wp-content\/uploads\/JuliaPraschma_docu.masterclass2025_03_web.png\"><img loading=\"lazy\" decoding=\"async\" class=\"aligncenter  wp-image-2934\" src=\"https:\/\/www.do-xs.de\/documasterclass\/wp-content\/uploads\/JuliaPraschma_docu.masterclass2025_03_web-300x300.png\" alt=\"\" width=\"373\" height=\"373\" srcset=\"https:\/\/www.do-xs.de\/documasterclass\/wp-content\/uploads\/JuliaPraschma_docu.masterclass2025_03_web-300x300.png 300w, https:\/\/www.do-xs.de\/documasterclass\/wp-content\/uploads\/JuliaPraschma_docu.masterclass2025_03_web-800x800.png 800w, https:\/\/www.do-xs.de\/documasterclass\/wp-content\/uploads\/JuliaPraschma_docu.masterclass2025_03_web-768x768.png 768w, https:\/\/www.do-xs.de\/documasterclass\/wp-content\/uploads\/JuliaPraschma_docu.masterclass2025_03_web-120x120.png 120w, https:\/\/www.do-xs.de\/documasterclass\/wp-content\/uploads\/JuliaPraschma_docu.masterclass2025_03_web.png 1200w\" sizes=\"auto, (max-width: 373px) 100vw, 373px\" \/><\/a>SEDIMENTE | MICAELA SOFIA CAMPORA &amp; MICHAEL FETTER NATHANSKY\u00a0<\/h2>\n<p>Am 28. M\u00e4rz 2021 schloss David Campora seinen Lebenslauf, in dem er minuti\u00f6s alle Ereignisse festgehalten hat, mit einem letzten Eintrag ab: Endstation. Vier Jahre sp\u00e4ter begibt sich die in K\u00f6ln lebende Autorin und \u00dcbersetzerin Micaela auf Spurensuche nach Uruguay. Sie m\u00f6chte den Entschluss ihres uruguayischen Gro\u00dfvaters verstehen, mit 86 Jahren Suizid zu begehen. Im Dialog mit Angeh\u00f6rigen und alten Weggef\u00e4hrten entfaltet sich das Portr\u00e4t eines Mannes, der Vieles war: ein in der Heimat gefeierter Revolution\u00e4r, gefolterter politischer H\u00e4ftling, selten Vater, noch seltener Opa. Vor allem aber war er ein Mythos. St\u00fcck f\u00fcr St\u00fcck setzt Micaela Fragmente ihrer Familiengeschichte zu einem neuen Bild zusammen \u2013 und n\u00e4hert sich darin ihrer eigenen Geschichte an.<\/p>\n","protected":false},"excerpt":{"rendered":"<p>IN EINEM ANDEREN LAND | BRITT BEYER Sie haben ihre Familien und Freund*innen zur\u00fcckgelassen \u2013 und leben jetzt in einem anderen Land: junge russische Systemkritiker*innen. Um einer Verhaftung oder der Verpflichtung in der Armee zu entgehen, flohen sie nach Armenien, Georgien und Kasachstan. Oder nach Usbekistan, wie der 28-j\u00e4hrige Aktivist und Anwalt Artjom Klyga. Dank eines humanit\u00e4ren Visums kam er 2023 nach Deutschland. Hier ist er mittlerweile f\u00fcr einen Verein t\u00e4tig, ber\u00e4t russische junge M\u00e4nner, die ihren Einberufungsbefehl bekommen haben und nicht in den Krieg ziehen wollen oder die von der Front desertiert sind. Artjom wei\u00df: Solange das Putin-Regime an der Macht ist, gibt es f\u00fcr ihn kein Zur\u00fcck mehr. Er wurde als \u201eAuslandsagent&#8220; eingestuft und gilt in seiner Heimat offiziell als Staatsfeind. &nbsp; SEDIMENTE | MICAELA SOFIA CAMPORA &amp; MICHAEL FETTER NATHANSKY\u00a0 Am 28. M\u00e4rz 2021 schloss David Campora seinen Lebenslauf, in dem er minuti\u00f6s alle Ereignisse festgehalten hat, mit einem letzten Eintrag ab: Endstation. Vier Jahre sp\u00e4ter begibt sich die in K\u00f6ln lebende Autorin und \u00dcbersetzerin Micaela auf Spurensuche nach Uruguay. Sie m\u00f6chte &hellip;<\/p>\n","protected":false},"author":2,"featured_media":0,"parent":0,"menu_order":3,"comment_status":"open","ping_status":"closed","template":"","meta":{"footnotes":""},"class_list":["post-311","page","type-page","status-publish","hentry"],"jetpack_sharing_enabled":true,"_links":{"self":[{"href":"https:\/\/www.do-xs.de\/documasterclass\/wp-json\/wp\/v2\/pages\/311","targetHints":{"allow":["GET"]}}],"collection":[{"href":"https:\/\/www.do-xs.de\/documasterclass\/wp-json\/wp\/v2\/pages"}],"about":[{"href":"https:\/\/www.do-xs.de\/documasterclass\/wp-json\/wp\/v2\/types\/page"}],"author":[{"embeddable":true,"href":"https:\/\/www.do-xs.de\/documasterclass\/wp-json\/wp\/v2\/users\/2"}],"replies":[{"embeddable":true,"href":"https:\/\/www.do-xs.de\/documasterclass\/wp-json\/wp\/v2\/comments?post=311"}],"version-history":[{"count":67,"href":"https:\/\/www.do-xs.de\/documasterclass\/wp-json\/wp\/v2\/pages\/311\/revisions"}],"predecessor-version":[{"id":2938,"href":"https:\/\/www.do-xs.de\/documasterclass\/wp-json\/wp\/v2\/pages\/311\/revisions\/2938"}],"wp:attachment":[{"href":"https:\/\/www.do-xs.de\/documasterclass\/wp-json\/wp\/v2\/media?parent=311"}],"curies":[{"name":"wp","href":"https:\/\/api.w.org\/{rel}","templated":true}]}}