{"id":668,"date":"2015-08-26T09:41:19","date_gmt":"2015-08-26T07:41:19","guid":{"rendered":"http:\/\/www.do-xs.de\/doku-klasse\/?page_id=668"},"modified":"2024-04-03T10:55:03","modified_gmt":"2024-04-03T08:55:03","slug":"2014-2","status":"publish","type":"page","link":"https:\/\/www.do-xs.de\/documasterclass\/stipendiaten\/2014-2\/","title":{"rendered":"2014\/15"},"content":{"rendered":"<p style=\"text-align: left;\">Vier Stipendiaten schafften den Sprung in die doku.klasse. Wir stellen sie im Folgenden in kurzen Einzelportr\u00e4ts vor.<\/p>\n<h2 style=\"text-align: center;\">Kristina Konrad<\/h2>\n<p><img loading=\"lazy\" decoding=\"async\" class=\"size-full wp-image-191 aligncenter\" src=\"https:\/\/www.do-xs.de\/doku-klasse\/wp-content\/uploads\/Kristina-Konrad.jpg\" alt=\"Kristina Konrad\" width=\"154\" height=\"200\" \/><\/p>\n<p>realisierte zwischen 1978 und 1983 etliche Magazinbeitr\u00e4ge und Dokumentarfilme f\u00fcr das Schweizer Fernsehen DRS und arbeitete von 1984 bis 1994 in Nicaragua und Uruguay. Seitdem liegt ihr Lebensmittelpunkt in Berlin, wo sie 2002 zusammen mit Christian Frosch die weltfilm GmbH gr\u00fcndete. Zu ihren bekanntesten Projekten als Regisseurin z\u00e4hlen u. a. die Kinodokumentarfilme <em>Unser America<\/em> (2005) und <em>Gro\u00dfe Freiheit \u2013 Kleine Freiheit<\/em> (2000). Als Produzentin zeichnet die geb\u00fcrtige Schweizerin f\u00fcr eine Reihe teilweise preisgekr\u00f6nter Filme aus unterschiedlichen Genres verantwortlich: F\u00fcr den Dokumentarfilm <em>Die Wiederg\u00e4nger<\/em> (2012, Andreas Bolm) etwa oder auch den Spielfilm <em>Die Reise ans Meer<\/em> (2003, Guillermo Casanova).<\/p>\n<h2 style=\"text-align: center;\">Lilly Engel<\/h2>\n<p style=\"text-align: center;\"><img loading=\"lazy\" decoding=\"async\" class=\"alignnone size-full wp-image-190\" src=\"https:\/\/www.do-xs.de\/doku-klasse\/wp-content\/uploads\/Lilly-Engel.jpg\" alt=\"Lilly Engel\" width=\"250\" height=\"166\" \/><\/p>\n<p>studierte Jura an der FU Berlin, Dramaturgie an der HFF &#8222;Konrad Wolf&#8220; in Potsdam-Babelsberg und Regie an der Filmakademie Baden-W\u00fcrttemberg in Ludwigsburg. Neben k\u00fcrzeren dokumentarischen Formaten f\u00fcrs Fernsehen wie <em>Ho\u0308chstperso\u0308nlich \u2013 Armin Mueller-Stahl<\/em> (2008, RB\/ARD), <em>M\u00e4dchengeschichten \u2013 Lora vom Kirschbaum<\/em> (2009, ZDF\/3sat), der Sendereihe <em>Wild Germany<\/em> (2011, ZDFneo) und <em>Findet Lilly Engel \u2013 Jeder kennt jeden \u00fcber 6 Ecken<\/em> (2012, Radio Bremen\/ARTE) realisierte sie auch l\u00e4ngere Dokumentarfilme: <em>Dran Drauf Dr\u00fcber<\/em> (2002), mit dem sie u. a. den Caligari Filmpreis gewann, und <em>Entsch\u00e4digt<\/em> (2008). 2007 gr\u00fcndete sie ihre eigene Produktionsfirma Engelfilm Produktion in Berlin.<\/p>\n<h2 style=\"text-align: center;\">Insa Onken<\/h2>\n<p style=\"text-align: center;\"><img loading=\"lazy\" decoding=\"async\" class=\"alignnone size-full wp-image-192\" src=\"https:\/\/www.do-xs.de\/doku-klasse\/wp-content\/uploads\/Insa-Onken.jpg\" alt=\"Insa Onken\" width=\"182\" height=\"250\" \/><\/p>\n<p>studierte Regie an der KHM und lebt in K\u00f6ln. Ihr Film <em>Rich Brother<\/em> (2009) wurde auf zahlreichen Festivals weltweit gezeigt und gewann u. a. die Goldene Taube bei DOK Leipzig und den Deutschen Kamerapreis in der Kategorie Schnitt. Daneben machte sie Dokumentarfilme und Reportagen f\u00fcr den WDR in den Reihen &#8222;Menschen hautnah&#8220; und &#8222;hier und heute&#8220;.<\/p>\n<h2 style=\"text-align: center;\">Gerardo Milsztein<\/h2>\n<p style=\"text-align: center;\"><img loading=\"lazy\" decoding=\"async\" class=\"alignnone size-full wp-image-193\" src=\"https:\/\/www.do-xs.de\/doku-klasse\/wp-content\/uploads\/Gerardo-Milsztein.jpg\" alt=\"Gerardo Milsztein\" width=\"162\" height=\"250\" \/><\/p>\n<p>absolvierte ein Regiestudium an der Cine Escuela Buenos Aires und wurde 2010 f\u00fcr seinen Film <em>Friedensschlag \u2013 Das Jahr der Entscheidung<\/em> mit dem Deutschen Kamerapreis ausgezeichnet. Er f\u00fchrte bei zahlreichen Kino- und Fernsehproduktionen Kamera, u. a. bei <em>Leben au\u00dfer Kontrolle<\/em> (2003, Bertram Verhaag) oder in j\u00fcngerer Zeit bei <em>11 Freundinnen<\/em> (2011, Sung-Hyung Cho) und <em>Rollenspiel<\/em> (2011, Andreas Geiger). Der deutsch-argentinische Regisseur und Kameramann lebt in Br\u00fchl.<\/p>\n","protected":false},"excerpt":{"rendered":"<p>Vier Stipendiaten schafften den Sprung in die doku.klasse. Wir stellen sie im Folgenden in kurzen Einzelportr\u00e4ts vor. Kristina Konrad realisierte zwischen 1978 und 1983 etliche Magazinbeitr\u00e4ge und Dokumentarfilme f\u00fcr das Schweizer Fernsehen DRS und arbeitete von 1984 bis 1994 in Nicaragua und Uruguay. Seitdem liegt ihr Lebensmittelpunkt in Berlin, wo sie 2002 zusammen mit Christian Frosch die weltfilm GmbH gr\u00fcndete. Zu ihren bekanntesten Projekten als Regisseurin z\u00e4hlen u. a. die Kinodokumentarfilme Unser America (2005) und Gro\u00dfe Freiheit \u2013 Kleine Freiheit (2000). Als Produzentin zeichnet die geb\u00fcrtige Schweizerin f\u00fcr eine Reihe teilweise preisgekr\u00f6nter Filme aus unterschiedlichen Genres verantwortlich: F\u00fcr den Dokumentarfilm Die Wiederg\u00e4nger (2012, Andreas Bolm) etwa oder auch den Spielfilm Die Reise ans Meer (2003, Guillermo Casanova). Lilly Engel studierte Jura an der FU Berlin, Dramaturgie an der HFF &#8222;Konrad Wolf&#8220; in Potsdam-Babelsberg und Regie an der Filmakademie Baden-W\u00fcrttemberg in Ludwigsburg. Neben k\u00fcrzeren dokumentarischen Formaten f\u00fcrs Fernsehen wie Ho\u0308chstperso\u0308nlich \u2013 Armin Mueller-Stahl (2008, RB\/ARD), M\u00e4dchengeschichten \u2013 Lora vom Kirschbaum (2009, ZDF\/3sat), der Sendereihe Wild Germany (2011, ZDFneo) und Findet Lilly Engel \u2013 Jeder kennt jeden &hellip;<\/p>\n","protected":false},"author":1,"featured_media":0,"parent":7,"menu_order":0,"comment_status":"open","ping_status":"closed","template":"","meta":{"footnotes":""},"class_list":["post-668","page","type-page","status-publish","hentry"],"jetpack_sharing_enabled":true,"_links":{"self":[{"href":"https:\/\/www.do-xs.de\/documasterclass\/wp-json\/wp\/v2\/pages\/668","targetHints":{"allow":["GET"]}}],"collection":[{"href":"https:\/\/www.do-xs.de\/documasterclass\/wp-json\/wp\/v2\/pages"}],"about":[{"href":"https:\/\/www.do-xs.de\/documasterclass\/wp-json\/wp\/v2\/types\/page"}],"author":[{"embeddable":true,"href":"https:\/\/www.do-xs.de\/documasterclass\/wp-json\/wp\/v2\/users\/1"}],"replies":[{"embeddable":true,"href":"https:\/\/www.do-xs.de\/documasterclass\/wp-json\/wp\/v2\/comments?post=668"}],"version-history":[{"count":7,"href":"https:\/\/www.do-xs.de\/documasterclass\/wp-json\/wp\/v2\/pages\/668\/revisions"}],"predecessor-version":[{"id":2707,"href":"https:\/\/www.do-xs.de\/documasterclass\/wp-json\/wp\/v2\/pages\/668\/revisions\/2707"}],"up":[{"embeddable":true,"href":"https:\/\/www.do-xs.de\/documasterclass\/wp-json\/wp\/v2\/pages\/7"}],"wp:attachment":[{"href":"https:\/\/www.do-xs.de\/documasterclass\/wp-json\/wp\/v2\/media?parent=668"}],"curies":[{"name":"wp","href":"https:\/\/api.w.org\/{rel}","templated":true}]}}