{"id":670,"date":"2015-08-26T09:42:22","date_gmt":"2015-08-26T07:42:22","guid":{"rendered":"http:\/\/www.do-xs.de\/doku-klasse\/?page_id=670"},"modified":"2024-04-03T10:56:44","modified_gmt":"2024-04-03T08:56:44","slug":"2014-2","status":"publish","type":"page","link":"https:\/\/www.do-xs.de\/documasterclass\/stoffe\/2014-2\/","title":{"rendered":"2014\/15"},"content":{"rendered":"<p>46 Stoffideen wurden f\u00fcr die erste Auflage der doku.klasse eingereicht. Die Kurztexte hier verraten mit welchen Projektvorschl\u00e4gen die Stipendiaten \u00fcberzeugen konnten.<\/p>\n<h2>Diego | Kristina Konrad<\/h2>\n<p><img loading=\"lazy\" decoding=\"async\" class=\"alignnone size-full wp-image-251\" src=\"https:\/\/www.do-xs.de\/doku-klasse\/wp-content\/uploads\/Diego.jpg\" alt=\"Diego\" width=\"1200\" height=\"675\" srcset=\"https:\/\/www.do-xs.de\/documasterclass\/wp-content\/uploads\/Diego.jpg 1200w, https:\/\/www.do-xs.de\/documasterclass\/wp-content\/uploads\/Diego-400x225.jpg 400w\" sizes=\"auto, (max-width: 1200px) 100vw, 1200px\" \/><\/p>\n<h3>\u201eEs w\u00e4re schon gut, wenn man wirklich was ver\u00e4ndern k\u00f6nnte\u201c<\/h3>\n<p>\u201eIch w\u00fcrde gerne eine Spur hinterlassen\u201c, w\u00fcnscht sich Diego. Der 22-j\u00e4hrige Schweizer ist in London aufgewachsen, studiert Physik in Oxford und hat ein Praktikum bei Goldman Sachs gemacht. Vieles spricht f\u00fcr eine Karriere in der Finanzwelt wie es sein Vater, den er sehr verehrt, vorlebt. Geld w\u00fcrde das bedeuten und Adrenalin, aber auch Algorithmen zu programmieren f\u00fcr den umstrittenen Hochfrequenzhandel und viel Stress mit 16-Stunden\u2013Tagen. Dann also doch lieber eine Zukunft in der Forschung, im Universit\u00e4tsbetrieb, mit mehr Zeit f\u00fcr Familie, Sport und sonstige Vergn\u00fcgen? Bald muss sich Diego entscheiden: Wie will ich leben? Und welche Spur m\u00f6chte ich hinterlassen?<\/p>\n<h2>Luthervina &amp; Lucy | Lilly Engel<\/h2>\n<p><img loading=\"lazy\" decoding=\"async\" class=\"alignnone size-full wp-image-317\" src=\"https:\/\/www.do-xs.de\/doku-klasse\/wp-content\/uploads\/Lilly-Engel_farbe.jpg\" alt=\"Lilly Engel\" width=\"1200\" height=\"800\" srcset=\"https:\/\/www.do-xs.de\/documasterclass\/wp-content\/uploads\/Lilly-Engel_farbe.jpg 1200w, https:\/\/www.do-xs.de\/documasterclass\/wp-content\/uploads\/Lilly-Engel_farbe-400x266.jpg 400w, https:\/\/www.do-xs.de\/documasterclass\/wp-content\/uploads\/Lilly-Engel_farbe-840x560.jpg 840w\" sizes=\"auto, (max-width: 1200px) 100vw, 1200px\" \/><\/p>\n<h3>\u201eIch wei\u00df morgens nie, was heute passieren wird\u201c<\/h3>\n<p>Lucy ist 18 \u2013 und das ist ihr Problem. Sie floh als Kind vor dem B\u00fcrgerkrieg in Angola nach Deutschland. Mit ihrer Mutter, aber ohne Geburtsurkunde. Doch die braucht sie jetzt, ihr Bleiberecht l\u00e4uft bald aus. Ein qu\u00e4lendes Hin und Her zwischen den deutschen Beh\u00f6rden und dem angolanischen Konsulat bestimmt ihr Leben. \u201eJeder Tag ist anders. Ich wei\u00df morgens nie, was heute passieren wird.\u201c Lucy ist gezwungen, Kontakt zu ihrer Mutter aufzunehmen \u2013 ohne Ergebnis. Schlie\u00dflich bleibt ihr keine andere Wahl, um an das wichtige Dokument zu kommen: Sie muss nach Angola, in das Land ihrer Albtr\u00e4ume. Die Autorin begleitet Lucy auf ihrer schwierigen Reise zur\u00fcck in die Vergangenheit.<\/p>\n<h2>Ich, Kevin | Insa Onken\/Gerardo Milsztein<\/h2>\n<p><img loading=\"lazy\" decoding=\"async\" class=\"alignnone size-full wp-image-256\" src=\"https:\/\/www.do-xs.de\/doku-klasse\/wp-content\/uploads\/Ich-Kevin.jpg\" alt=\"Ich, Kevin\" width=\"1200\" height=\"800\" srcset=\"https:\/\/www.do-xs.de\/documasterclass\/wp-content\/uploads\/Ich-Kevin.jpg 1200w, https:\/\/www.do-xs.de\/documasterclass\/wp-content\/uploads\/Ich-Kevin-400x266.jpg 400w, https:\/\/www.do-xs.de\/documasterclass\/wp-content\/uploads\/Ich-Kevin-840x560.jpg 840w\" sizes=\"auto, (max-width: 1200px) 100vw, 1200px\" \/><\/p>\n<h3>\u201eSchule und ich passten einfach nie zusammen\u201c<\/h3>\n<p>Du bist falsch, du funktionierst nicht richtig: Dieses Gef\u00fchl kennt Kevin gut. Aufgewachsen in einem schwierigen Elternhaus, kam er in der Schule nicht zurecht und fehlte viel. \u201eDas einzige Fach, das mir richtig Spa\u00df machte, war Bio.\u201c In einem Theaterprojekt f\u00fcr langzeitarbeitslose Jugendliche lernte der 21-J\u00e4hrige sich zu \u00f6ffnen. Jetzt kann er sagen: \u201eDas bin ich, Kevin.\u201c Um sp\u00e4ter Genetik studieren zu k\u00f6nnen, hat er eine Ausbildung angefangen. Doch das bedeutet Berufsschule. Die Autoren beobachten den jungen Mann auf dem Weg zu sich und in eine ungewisse Zukunft. Ist Kevins neues Selbstbewusstsein schon stark genug f\u00fcr das ungeliebte System Schule?<\/p>\n","protected":false},"excerpt":{"rendered":"<p>46 Stoffideen wurden f\u00fcr die erste Auflage der doku.klasse eingereicht. Die Kurztexte hier verraten mit welchen Projektvorschl\u00e4gen die Stipendiaten \u00fcberzeugen konnten. Diego | Kristina Konrad \u201eEs w\u00e4re schon gut, wenn man wirklich was ver\u00e4ndern k\u00f6nnte\u201c \u201eIch w\u00fcrde gerne eine Spur hinterlassen\u201c, w\u00fcnscht sich Diego. Der 22-j\u00e4hrige Schweizer ist in London aufgewachsen, studiert Physik in Oxford und hat ein Praktikum bei Goldman Sachs gemacht. Vieles spricht f\u00fcr eine Karriere in der Finanzwelt wie es sein Vater, den er sehr verehrt, vorlebt. Geld w\u00fcrde das bedeuten und Adrenalin, aber auch Algorithmen zu programmieren f\u00fcr den umstrittenen Hochfrequenzhandel und viel Stress mit 16-Stunden\u2013Tagen. Dann also doch lieber eine Zukunft in der Forschung, im Universit\u00e4tsbetrieb, mit mehr Zeit f\u00fcr Familie, Sport und sonstige Vergn\u00fcgen? Bald muss sich Diego entscheiden: Wie will ich leben? Und welche Spur m\u00f6chte ich hinterlassen? Luthervina &amp; Lucy | Lilly Engel \u201eIch wei\u00df morgens nie, was heute passieren wird\u201c Lucy ist 18 \u2013 und das ist ihr Problem. Sie floh als Kind vor dem B\u00fcrgerkrieg in Angola nach Deutschland. Mit ihrer Mutter, aber ohne Geburtsurkunde. &hellip;<\/p>\n","protected":false},"author":1,"featured_media":0,"parent":311,"menu_order":0,"comment_status":"open","ping_status":"closed","template":"","meta":{"footnotes":""},"class_list":["post-670","page","type-page","status-publish","hentry"],"jetpack_sharing_enabled":true,"_links":{"self":[{"href":"https:\/\/www.do-xs.de\/documasterclass\/wp-json\/wp\/v2\/pages\/670","targetHints":{"allow":["GET"]}}],"collection":[{"href":"https:\/\/www.do-xs.de\/documasterclass\/wp-json\/wp\/v2\/pages"}],"about":[{"href":"https:\/\/www.do-xs.de\/documasterclass\/wp-json\/wp\/v2\/types\/page"}],"author":[{"embeddable":true,"href":"https:\/\/www.do-xs.de\/documasterclass\/wp-json\/wp\/v2\/users\/1"}],"replies":[{"embeddable":true,"href":"https:\/\/www.do-xs.de\/documasterclass\/wp-json\/wp\/v2\/comments?post=670"}],"version-history":[{"count":3,"href":"https:\/\/www.do-xs.de\/documasterclass\/wp-json\/wp\/v2\/pages\/670\/revisions"}],"predecessor-version":[{"id":2712,"href":"https:\/\/www.do-xs.de\/documasterclass\/wp-json\/wp\/v2\/pages\/670\/revisions\/2712"}],"up":[{"embeddable":true,"href":"https:\/\/www.do-xs.de\/documasterclass\/wp-json\/wp\/v2\/pages\/311"}],"wp:attachment":[{"href":"https:\/\/www.do-xs.de\/documasterclass\/wp-json\/wp\/v2\/media?parent=670"}],"curies":[{"name":"wp","href":"https:\/\/api.w.org\/{rel}","templated":true}]}}