{"id":7,"date":"2014-08-11T12:25:44","date_gmt":"2014-08-11T10:25:44","guid":{"rendered":"http:\/\/uwe-ahlgrimm.de\/kunden\/doku-klasse\/?page_id=7"},"modified":"2026-01-30T12:16:59","modified_gmt":"2026-01-30T10:16:59","slug":"stipendiaten","status":"publish","type":"page","link":"https:\/\/www.do-xs.de\/documasterclass\/stipendiaten\/","title":{"rendered":"Stipendiat*innen"},"content":{"rendered":"<h2>Britt Beyer<\/h2>\n<p><a href=\"https:\/\/www.do-xs.de\/documasterclass\/wp-content\/uploads\/BrittBeyer_Foto.jpg\"><img loading=\"lazy\" decoding=\"async\" class=\"aligncenter size-medium wp-image-2913\" src=\"https:\/\/www.do-xs.de\/documasterclass\/wp-content\/uploads\/BrittBeyer_Foto-219x300.jpg\" alt=\"\" width=\"219\" height=\"300\" srcset=\"https:\/\/www.do-xs.de\/documasterclass\/wp-content\/uploads\/BrittBeyer_Foto-219x300.jpg 219w, https:\/\/www.do-xs.de\/documasterclass\/wp-content\/uploads\/BrittBeyer_Foto-585x800.jpg 585w, https:\/\/www.do-xs.de\/documasterclass\/wp-content\/uploads\/BrittBeyer_Foto.jpg 758w\" sizes=\"auto, (max-width: 219px) 100vw, 219px\" \/><\/a><\/p>\n<p>BRITT BEYER ist Autorin und Regisseurin von vielfach ausgezeichneten Kino-Dokumentarfilmen (Auf der Kippe, 2023, und Werden Sie Deutscher, 2011), von abendf\u00fcllenden Dokumentationen (u. a. Die Spur des Geldes, EAST! Mein Jahr in Lenzen und EAST! Mein Jahr in Zeitz) \u2013 sowie von dokumentarischen Serien (24h Europe.The next generation, 2019). Sie produzierte u. a. ihren f\u00fcr den Grimme-Preis nominierten Dokumentarfilm Kein Weg zur\u00fcck (2015) sowie den mittellangen Spielfilm Sachsophonie (2019). Beyer arbeitet als dramaturgische Beraterin f\u00fcr Dokumentar- und Spielfilme und unterrichtete an diversen Hochschulen.<\/p>\n<p><strong>\u00a0An der DocuMasterclass nimmt sie mit ihrem Stoff <a href=\"https:\/\/www.do-xs.de\/documasterclass\/stoffe\/2025-26\/\">IN EINEM ANDEREN LAND<\/a> teil.<\/strong><\/p>\n<h2>\u00a0<\/h2>\n<h2>Micaela Sofia Campora<\/h2>\n<p><a href=\"https:\/\/www.do-xs.de\/documasterclass\/wp-content\/uploads\/3-e1763809368256.png\"><img loading=\"lazy\" decoding=\"async\" class=\"aligncenter size-medium wp-image-2923\" src=\"https:\/\/www.do-xs.de\/documasterclass\/wp-content\/uploads\/3-e1763809368256-270x300.png\" alt=\"\" width=\"270\" height=\"300\" srcset=\"https:\/\/www.do-xs.de\/documasterclass\/wp-content\/uploads\/3-e1763809368256-270x300.png 270w, https:\/\/www.do-xs.de\/documasterclass\/wp-content\/uploads\/3-e1763809368256-720x800.png 720w, https:\/\/www.do-xs.de\/documasterclass\/wp-content\/uploads\/3-e1763809368256-768x853.png 768w, https:\/\/www.do-xs.de\/documasterclass\/wp-content\/uploads\/3-e1763809368256.png 1080w\" sizes=\"auto, (max-width: 270px) 100vw, 270px\" \/><\/a><\/p>\n<p>MICAELA SOFIA CAMPORA (*1996 in K\u00f6ln) ist die Tochter uruguayischer Exilant*innen. Sie studiert Mehrsprachige Kommunikation an der Technischen Hochschule K\u00f6ln und ist in vielen linkspolitischen Zusammenh\u00e4ngen, z. B. in Bezug auf Antidiskriminierung, aktiv. Sie spricht Spanisch und Deutsch als Muttersprachen sowie Franz\u00f6sisch und Englisch als Zweit- und Drittsprache und lernt derzeit Irisch. Micaela hat zahlreiche Lyrikb\u00e4nde und wissenschaftliche Texte sowie Romane u\u0308bersetzt und arbeitet neben ihrer T\u00e4tigkeit als \u00dcbersetzerin auch als Kuratorin und Autorin.<\/p>\n<h2><strong>Michael Fetter Nathansky<\/strong><\/h2>\n<p><a href=\"https:\/\/www.do-xs.de\/documasterclass\/wp-content\/uploads\/4-e1763809487655.png\"><img loading=\"lazy\" decoding=\"async\" class=\"aligncenter size-medium wp-image-2924\" src=\"https:\/\/www.do-xs.de\/documasterclass\/wp-content\/uploads\/4-e1763809487655-269x300.png\" alt=\"\" width=\"269\" height=\"300\" srcset=\"https:\/\/www.do-xs.de\/documasterclass\/wp-content\/uploads\/4-e1763809487655-269x300.png 269w, https:\/\/www.do-xs.de\/documasterclass\/wp-content\/uploads\/4-e1763809487655-716x800.png 716w, https:\/\/www.do-xs.de\/documasterclass\/wp-content\/uploads\/4-e1763809487655-768x858.png 768w, https:\/\/www.do-xs.de\/documasterclass\/wp-content\/uploads\/4-e1763809487655.png 1080w\" sizes=\"auto, (max-width: 269px) 100vw, 269px\" \/><\/a><\/p>\n<p>MICHAEL FETTER NATHANSKY (*1993) wuchs in K\u00f6ln und Madrid auf. Von 2013 bis 2021 studierte er Filmregie an der Filmuniversit\u00e4t Babelsberg Konrad Wolf. Sein Kurzfilm GABI gewann 2017 den Deutschen Kurzfilmpreis. Mit seinem Langfilmdeb\u00fct <strong>Sag du es mir <\/strong>erhielt er 2019 u. a. den Hauptpreis auf dem Festival des deutschen Films in Ludwigshafen. Im gleichen Jahr wurde sein mittellanger Dokumentarfilm <strong>Un Cuento Sin Ti, <\/strong>den er in der mexikanischen Heimat seines Vaters drehte, auf der Duisburger Filmwoche mit dem Preis der Stadt Duisburg ausgezeichnet. Sein Flamenco-Kurzfilm <strong>Salidas<\/strong> war fu\u0308r den Deutschen Kurzfilmpreis 2021 nominiert, sein zweiter Spielfilm <strong>Alle die du bist <\/strong>feierte 2024 Premiere auf der Berlinale und lief unter anderem in San Sebasti\u00e1n. Im Sommer 2024 kam der Film in die deutschen Kinos. 2018 gru\u0308ndete Nathansky zusammen mit den Produzentinnen Virginia Martin und Anna-Sophie Philippi die Produktionsfirma Contando Films.<\/p>\n<p><strong>An der DocuMasterclass nehmen die beiden mit ihrem Stoff <a href=\"https:\/\/www.do-xs.de\/documasterclass\/stoffe\/2025-26\/\">SEDIMENTE<\/a> teil.<\/strong><\/p>\n","protected":false},"excerpt":{"rendered":"<p>Britt Beyer BRITT BEYER ist Autorin und Regisseurin von vielfach ausgezeichneten Kino-Dokumentarfilmen (Auf der Kippe, 2023, und Werden Sie Deutscher, 2011), von abendf\u00fcllenden Dokumentationen (u. a. Die Spur des Geldes, EAST! Mein Jahr in Lenzen und EAST! Mein Jahr in Zeitz) \u2013 sowie von dokumentarischen Serien (24h Europe.The next generation, 2019). Sie produzierte u. a. ihren f\u00fcr den Grimme-Preis nominierten Dokumentarfilm Kein Weg zur\u00fcck (2015) sowie den mittellangen Spielfilm Sachsophonie (2019). Beyer arbeitet als dramaturgische Beraterin f\u00fcr Dokumentar- und Spielfilme und unterrichtete an diversen Hochschulen. \u00a0An der DocuMasterclass nimmt sie mit ihrem Stoff IN EINEM ANDEREN LAND teil. \u00a0 Micaela Sofia Campora MICAELA SOFIA CAMPORA (*1996 in K\u00f6ln) ist die Tochter uruguayischer Exilant*innen. Sie studiert Mehrsprachige Kommunikation an der Technischen Hochschule K\u00f6ln und ist in vielen linkspolitischen Zusammenh\u00e4ngen, z. B. in Bezug auf Antidiskriminierung, aktiv. Sie spricht Spanisch und Deutsch als Muttersprachen sowie Franz\u00f6sisch und Englisch als Zweit- und Drittsprache und lernt derzeit Irisch. Micaela hat zahlreiche Lyrikb\u00e4nde und wissenschaftliche Texte sowie Romane u\u0308bersetzt und arbeitet neben ihrer T\u00e4tigkeit als \u00dcbersetzerin auch als Kuratorin und &hellip;<\/p>\n","protected":false},"author":9,"featured_media":0,"parent":0,"menu_order":2,"comment_status":"closed","ping_status":"closed","template":"","meta":{"footnotes":""},"class_list":["post-7","page","type-page","status-publish","hentry"],"jetpack_sharing_enabled":true,"_links":{"self":[{"href":"https:\/\/www.do-xs.de\/documasterclass\/wp-json\/wp\/v2\/pages\/7","targetHints":{"allow":["GET"]}}],"collection":[{"href":"https:\/\/www.do-xs.de\/documasterclass\/wp-json\/wp\/v2\/pages"}],"about":[{"href":"https:\/\/www.do-xs.de\/documasterclass\/wp-json\/wp\/v2\/types\/page"}],"author":[{"embeddable":true,"href":"https:\/\/www.do-xs.de\/documasterclass\/wp-json\/wp\/v2\/users\/9"}],"replies":[{"embeddable":true,"href":"https:\/\/www.do-xs.de\/documasterclass\/wp-json\/wp\/v2\/comments?post=7"}],"version-history":[{"count":66,"href":"https:\/\/www.do-xs.de\/documasterclass\/wp-json\/wp\/v2\/pages\/7\/revisions"}],"predecessor-version":[{"id":2936,"href":"https:\/\/www.do-xs.de\/documasterclass\/wp-json\/wp\/v2\/pages\/7\/revisions\/2936"}],"wp:attachment":[{"href":"https:\/\/www.do-xs.de\/documasterclass\/wp-json\/wp\/v2\/media?parent=7"}],"curies":[{"name":"wp","href":"https:\/\/api.w.org\/{rel}","templated":true}]}}